{"id":9934,"date":"2025-09-14T22:28:21","date_gmt":"2025-09-14T20:28:21","guid":{"rendered":"https:\/\/studio-lo-design.com\/?post_type=product&#038;p=9934"},"modified":"2026-03-16T09:42:58","modified_gmt":"2026-03-16T08:42:58","slug":"architecte-dinterieur","status":"publish","type":"product","link":"https:\/\/studio-lo-design.com\/?product=architecte-dinterieur","title":{"rendered":"EBOOK &#8211; LES BASES DE L&rsquo;ARCHITECTURE D&rsquo;INTERIEUR &#8211; RESIDENTIEL"},"content":{"rendered":"<p class=\"p1\">D\u00e9couvrez <b>\u201cAm\u00e9nager son int\u00e9rieur comme un pro\u201d<\/b>, un guide pratique de <b>77 pages<\/b> rempli de conseils, d\u2019astuces &amp; de m\u00e9thodes pour concevoir un espace fonctionnel, esth\u00e9tique &amp; durable.<br \/>\nArchitecte d\u2019int\u00e9rieur passionn\u00e9e, Loren partage son expertise pour vous aider \u00e0 :<\/p>\n<ul class=\"ul1\">\n<li class=\"li1\">Trouver le style qui vous correspond<\/li>\n<li class=\"li1\">Optimiser l\u2019agencement &amp; la circulation<\/li>\n<li class=\"li1\">Choisir des mat\u00e9riaux \u00e9co-responsables<\/li>\n<li class=\"li1\">\u00c9viter les erreurs co\u00fbteuses<\/li>\n<\/ul>\n<p class=\"p1\">Accessible, clair &amp; concret, cet e-book est l\u2019outil indispensable pour transformer votre int\u00e9rieur <b>sans gaspiller votre budget<\/b>.<\/p>\n","protected":false},"excerpt":{"rendered":"<p class=\"p1\">Transformez votre int\u00e9rieur gr\u00e2ce \u00e0 <b>77 pages de conseils d\u2019architecte<\/b>.<\/p>\n<p class=\"p1\">Apprenez \u00e0 am\u00e9nager, optimiser &amp; d\u00e9corer vos espaces comme un pro, tout en respectant votre budget &amp; l\u2019environnement.<\/p>\n","protected":false},"featured_media":9936,"comment_status":"open","ping_status":"closed","template":"","meta":[],"product_brand":[],"product_cat":[165],"product_tag":[],"class_list":{"0":"post-9934","1":"product","2":"type-product","3":"status-publish","4":"has-post-thumbnail","6":"product_cat-architecture-dinterieur","8":"first","9":"instock","10":"downloadable","11":"shipping-taxable","12":"purchasable","13":"product-type-simple"},"yoast_head":"<!-- This site is optimized with the Yoast SEO plugin v27.4 - https:\/\/yoast.com\/product\/yoast-seo-wordpress\/ -->\n<title>EBOOK - LES BASES DE L&#039;ARCHITECTURE D&#039;INTERIEUR - RESIDENTIEL - STUDIO LO DESIGN Architecte d&#039;int\u00e9rieur sur Angers, Le Mans &amp; Marseille<\/title>\n<meta name=\"description\" content=\"D\u00e9couvrez \u201cAm\u00e9nager son int\u00e9rieur comme un pro\u201d, un guide pratique de 77 pages rempli de conseils, d\u2019astuces &amp; de m\u00e9thodes pour concevoir un espace fonctionnel, esth\u00e9tique &amp; durable.Architecte d\u2019int\u00e9rieur passionn\u00e9e, Loren partage son expertise pour vous aider \u00e0 :Trouver le style qui vous correspondOptimiser l\u2019agencement &amp; la circulationChoisir des mat\u00e9riaux \u00e9co-responsables\u00c9viter les erreurs co\u00fbteusesAccessible, clair &amp; concret, cet e-book est l\u2019outil indispensable pour transformer votre int\u00e9rieur sans gaspiller votre budget.\" \/>\n<meta name=\"robots\" content=\"index, follow, max-snippet:-1, max-image-preview:large, max-video-preview:-1\" \/>\n<link rel=\"canonical\" href=\"https:\/\/studio-lo-design.com\/?product=architecte-dinterieur\" \/>\n<meta property=\"og:locale\" content=\"fr_FR\" \/>\n<meta property=\"og:type\" content=\"article\" \/>\n<meta property=\"og:title\" content=\"EBOOK - LES BASES DE L&#039;ARCHITECTURE D&#039;INTERIEUR - RESIDENTIEL - STUDIO LO DESIGN Architecte d&#039;int\u00e9rieur sur Angers, Le Mans &amp; Marseille\" \/>\n<meta property=\"og:description\" content=\"D\u00e9couvrez \u201cAm\u00e9nager son int\u00e9rieur comme un pro\u201d, un guide pratique de 77 pages rempli de conseils, d\u2019astuces &amp; de m\u00e9thodes pour concevoir un espace fonctionnel, esth\u00e9tique &amp; durable.Architecte d\u2019int\u00e9rieur passionn\u00e9e, Loren partage son expertise pour vous aider \u00e0 :Trouver le style qui vous correspondOptimiser l\u2019agencement &amp; la circulationChoisir des mat\u00e9riaux \u00e9co-responsables\u00c9viter les erreurs co\u00fbteusesAccessible, clair &amp; concret, cet e-book est l\u2019outil indispensable pour transformer votre int\u00e9rieur sans gaspiller votre budget.\" \/>\n<meta property=\"og:url\" content=\"https:\/\/studio-lo-design.com\/?product=architecte-dinterieur\" \/>\n<meta property=\"og:site_name\" content=\"STUDIO LO DESIGN Architecte d&#039;int\u00e9rieur sur Angers, Le Mans &amp; Marseille\" \/>\n<meta property=\"article:publisher\" content=\"https:\/\/www.facebook.com\/profile.php?id=100088068041508\" \/>\n<meta property=\"article:modified_time\" content=\"2026-03-16T08:42:58+00:00\" \/>\n<meta property=\"og:image\" content=\"https:\/\/studio-lo-design.com\/wp-content\/uploads\/2025\/09\/EBOOK-STUDIO-LO-DESIGN.jpeg\" \/>\n\t<meta property=\"og:image:width\" content=\"1376\" \/>\n\t<meta property=\"og:image:height\" content=\"2106\" \/>\n\t<meta property=\"og:image:type\" content=\"image\/jpeg\" \/>\n<meta name=\"twitter:card\" content=\"summary_large_image\" \/>\n<meta name=\"twitter:label1\" content=\"Dur\u00e9e de lecture estim\u00e9e\" \/>\n\t<meta name=\"twitter:data1\" content=\"1 minute\" \/>\n<script type=\"application\/ld+json\" class=\"yoast-schema-graph\">{\"@context\":\"https:\\\/\\\/schema.org\",\"@graph\":[{\"@type\":\"WebPage\",\"@id\":\"https:\\\/\\\/studio-lo-design.com\\\/?product=architecte-dinterieur\",\"url\":\"https:\\\/\\\/studio-lo-design.com\\\/?product=architecte-dinterieur\",\"name\":\"EBOOK - LES BASES DE L'ARCHITECTURE D'INTERIEUR - RESIDENTIEL - STUDIO LO DESIGN Architecte d&#039;int\u00e9rieur sur Angers, Le Mans &amp; Marseille\",\"isPartOf\":{\"@id\":\"https:\\\/\\\/studio-lo-design.com\\\/#website\"},\"primaryImageOfPage\":{\"@id\":\"https:\\\/\\\/studio-lo-design.com\\\/?product=architecte-dinterieur#primaryimage\"},\"image\":{\"@id\":\"https:\\\/\\\/studio-lo-design.com\\\/?product=architecte-dinterieur#primaryimage\"},\"thumbnailUrl\":\"https:\\\/\\\/studio-lo-design.com\\\/wp-content\\\/uploads\\\/2025\\\/09\\\/EBOOK-STUDIO-LO-DESIGN.jpeg\",\"datePublished\":\"2025-09-14T20:28:21+00:00\",\"dateModified\":\"2026-03-16T08:42:58+00:00\",\"description\":\"D\u00e9couvrez \u201cAm\u00e9nager son int\u00e9rieur comme un pro\u201d, un guide pratique de 77 pages rempli de conseils, d\u2019astuces & de m\u00e9thodes pour concevoir un espace fonctionnel, esth\u00e9tique & durable.Architecte d\u2019int\u00e9rieur passionn\u00e9e, Loren partage son expertise pour vous aider \u00e0 :Trouver le style qui vous correspondOptimiser l\u2019agencement & la circulationChoisir des mat\u00e9riaux \u00e9co-responsables\u00c9viter les erreurs co\u00fbteusesAccessible, clair & concret, cet e-book est l\u2019outil indispensable pour transformer votre int\u00e9rieur sans gaspiller votre budget.\",\"breadcrumb\":{\"@id\":\"https:\\\/\\\/studio-lo-design.com\\\/?product=architecte-dinterieur#breadcrumb\"},\"inLanguage\":\"fr-FR\",\"potentialAction\":[{\"@type\":\"ReadAction\",\"target\":[\"https:\\\/\\\/studio-lo-design.com\\\/?product=architecte-dinterieur\"]}]},{\"@type\":\"ImageObject\",\"inLanguage\":\"fr-FR\",\"@id\":\"https:\\\/\\\/studio-lo-design.com\\\/?product=architecte-dinterieur#primaryimage\",\"url\":\"https:\\\/\\\/studio-lo-design.com\\\/wp-content\\\/uploads\\\/2025\\\/09\\\/EBOOK-STUDIO-LO-DESIGN.jpeg\",\"contentUrl\":\"https:\\\/\\\/studio-lo-design.com\\\/wp-content\\\/uploads\\\/2025\\\/09\\\/EBOOK-STUDIO-LO-DESIGN.jpeg\",\"width\":1376,\"height\":2106,\"caption\":\"Apprenez \u00e0 am\u00e9nager, optimiser & d\u00e9corer vos espaces comme un pro, tout en respectant votre budget & l\u2019environnement.\"},{\"@type\":\"BreadcrumbList\",\"@id\":\"https:\\\/\\\/studio-lo-design.com\\\/?product=architecte-dinterieur#breadcrumb\",\"itemListElement\":[{\"@type\":\"ListItem\",\"position\":1,\"name\":\"Accueil\",\"item\":\"https:\\\/\\\/studio-lo-design.com\\\/\"},{\"@type\":\"ListItem\",\"position\":2,\"name\":\"SHOP\",\"item\":\"https:\\\/\\\/studio-lo-design.com\\\/?page_id=9947\"},{\"@type\":\"ListItem\",\"position\":3,\"name\":\"EBOOK &#8211; LES BASES DE L&rsquo;ARCHITECTURE D&rsquo;INTERIEUR &#8211; RESIDENTIEL\"}]},{\"@type\":\"WebSite\",\"@id\":\"https:\\\/\\\/studio-lo-design.com\\\/#website\",\"url\":\"https:\\\/\\\/studio-lo-design.com\\\/\",\"name\":\"STUDIO LO DESIGN Architecte d&#039;int\u00e9rieur sur Angers, Le Mans &amp; Marseille\",\"description\":\"STUDIO LO DESIGN est une agence d&#039;architecture \u00e9co-sensible sur Angers, Le Mans &amp; Marseille\",\"publisher\":{\"@id\":\"https:\\\/\\\/studio-lo-design.com\\\/#organization\"},\"potentialAction\":[{\"@type\":\"SearchAction\",\"target\":{\"@type\":\"EntryPoint\",\"urlTemplate\":\"https:\\\/\\\/studio-lo-design.com\\\/?s={search_term_string}\"},\"query-input\":{\"@type\":\"PropertyValueSpecification\",\"valueRequired\":true,\"valueName\":\"search_term_string\"}}],\"inLanguage\":\"fr-FR\"},{\"@type\":\"Organization\",\"@id\":\"https:\\\/\\\/studio-lo-design.com\\\/#organization\",\"name\":\"STUDIO LO DESIGN Architecte d&#039;int\u00e9rieur sur Angers, Le Mans &amp; Marseille\",\"url\":\"https:\\\/\\\/studio-lo-design.com\\\/\",\"logo\":{\"@type\":\"ImageObject\",\"inLanguage\":\"fr-FR\",\"@id\":\"https:\\\/\\\/studio-lo-design.com\\\/#\\\/schema\\\/logo\\\/image\\\/\",\"url\":\"https:\\\/\\\/studio-lo-design.com\\\/wp-content\\\/uploads\\\/2023\\\/06\\\/Original-Logo-Copie-1.png\",\"contentUrl\":\"https:\\\/\\\/studio-lo-design.com\\\/wp-content\\\/uploads\\\/2023\\\/06\\\/Original-Logo-Copie-1.png\",\"width\":800,\"height\":782,\"caption\":\"STUDIO LO DESIGN Architecte d&#039;int\u00e9rieur sur Angers, Le Mans &amp; Marseille\"},\"image\":{\"@id\":\"https:\\\/\\\/studio-lo-design.com\\\/#\\\/schema\\\/logo\\\/image\\\/\"},\"sameAs\":[\"https:\\\/\\\/www.facebook.com\\\/profile.php?id=100088068041508\",\"https:\\\/\\\/www.linkedin.com\\\/company\\\/91487379\\\/admin\\\/feed\\\/posts\\\/\",\"https:\\\/\\\/www.instagram.com\\\/studio.lo.design\\\/\"]}]}<\/script>\n<!-- \/ Yoast SEO plugin. -->","yoast_head_json":{"title":"EBOOK - LES BASES DE L'ARCHITECTURE D'INTERIEUR - RESIDENTIEL - STUDIO LO DESIGN Architecte d&#039;int\u00e9rieur sur Angers, Le Mans &amp; Marseille","description":"D\u00e9couvrez \u201cAm\u00e9nager son int\u00e9rieur comme un pro\u201d, un guide pratique de 77 pages rempli de conseils, d\u2019astuces & de m\u00e9thodes pour concevoir un espace fonctionnel, esth\u00e9tique & durable.Architecte d\u2019int\u00e9rieur passionn\u00e9e, Loren partage son expertise pour vous aider \u00e0 :Trouver le style qui vous correspondOptimiser l\u2019agencement & la circulationChoisir des mat\u00e9riaux \u00e9co-responsables\u00c9viter les erreurs co\u00fbteusesAccessible, clair & concret, cet e-book est l\u2019outil indispensable pour transformer votre int\u00e9rieur sans gaspiller votre budget.","robots":{"index":"index","follow":"follow","max-snippet":"max-snippet:-1","max-image-preview":"max-image-preview:large","max-video-preview":"max-video-preview:-1"},"canonical":"https:\/\/studio-lo-design.com\/?product=architecte-dinterieur","og_locale":"fr_FR","og_type":"article","og_title":"EBOOK - LES BASES DE L'ARCHITECTURE D'INTERIEUR - RESIDENTIEL - STUDIO LO DESIGN Architecte d&#039;int\u00e9rieur sur Angers, Le Mans &amp; Marseille","og_description":"D\u00e9couvrez \u201cAm\u00e9nager son int\u00e9rieur comme un pro\u201d, un guide pratique de 77 pages rempli de conseils, d\u2019astuces & de m\u00e9thodes pour concevoir un espace fonctionnel, esth\u00e9tique & durable.Architecte d\u2019int\u00e9rieur passionn\u00e9e, Loren partage son expertise pour vous aider \u00e0 :Trouver le style qui vous correspondOptimiser l\u2019agencement & la circulationChoisir des mat\u00e9riaux \u00e9co-responsables\u00c9viter les erreurs co\u00fbteusesAccessible, clair & concret, cet e-book est l\u2019outil indispensable pour transformer votre int\u00e9rieur sans gaspiller votre budget.","og_url":"https:\/\/studio-lo-design.com\/?product=architecte-dinterieur","og_site_name":"STUDIO LO DESIGN Architecte d&#039;int\u00e9rieur sur Angers, Le Mans &amp; Marseille","article_publisher":"https:\/\/www.facebook.com\/profile.php?id=100088068041508","article_modified_time":"2026-03-16T08:42:58+00:00","og_image":[{"width":1376,"height":2106,"url":"https:\/\/studio-lo-design.com\/wp-content\/uploads\/2025\/09\/EBOOK-STUDIO-LO-DESIGN.jpeg","type":"image\/jpeg"}],"twitter_card":"summary_large_image","twitter_misc":{"Dur\u00e9e de lecture estim\u00e9e":"1 minute"},"schema":{"@context":"https:\/\/schema.org","@graph":[{"@type":"WebPage","@id":"https:\/\/studio-lo-design.com\/?product=architecte-dinterieur","url":"https:\/\/studio-lo-design.com\/?product=architecte-dinterieur","name":"EBOOK - LES BASES DE L'ARCHITECTURE D'INTERIEUR - RESIDENTIEL - STUDIO LO DESIGN Architecte d&#039;int\u00e9rieur sur Angers, Le Mans &amp; Marseille","isPartOf":{"@id":"https:\/\/studio-lo-design.com\/#website"},"primaryImageOfPage":{"@id":"https:\/\/studio-lo-design.com\/?product=architecte-dinterieur#primaryimage"},"image":{"@id":"https:\/\/studio-lo-design.com\/?product=architecte-dinterieur#primaryimage"},"thumbnailUrl":"https:\/\/studio-lo-design.com\/wp-content\/uploads\/2025\/09\/EBOOK-STUDIO-LO-DESIGN.jpeg","datePublished":"2025-09-14T20:28:21+00:00","dateModified":"2026-03-16T08:42:58+00:00","description":"D\u00e9couvrez \u201cAm\u00e9nager son int\u00e9rieur comme un pro\u201d, un guide pratique de 77 pages rempli de conseils, d\u2019astuces & de m\u00e9thodes pour concevoir un espace fonctionnel, esth\u00e9tique & durable.Architecte d\u2019int\u00e9rieur passionn\u00e9e, Loren partage son expertise pour vous aider \u00e0 :Trouver le style qui vous correspondOptimiser l\u2019agencement & la circulationChoisir des mat\u00e9riaux \u00e9co-responsables\u00c9viter les erreurs co\u00fbteusesAccessible, clair & concret, cet e-book est l\u2019outil indispensable pour transformer votre int\u00e9rieur sans gaspiller votre budget.","breadcrumb":{"@id":"https:\/\/studio-lo-design.com\/?product=architecte-dinterieur#breadcrumb"},"inLanguage":"fr-FR","potentialAction":[{"@type":"ReadAction","target":["https:\/\/studio-lo-design.com\/?product=architecte-dinterieur"]}]},{"@type":"ImageObject","inLanguage":"fr-FR","@id":"https:\/\/studio-lo-design.com\/?product=architecte-dinterieur#primaryimage","url":"https:\/\/studio-lo-design.com\/wp-content\/uploads\/2025\/09\/EBOOK-STUDIO-LO-DESIGN.jpeg","contentUrl":"https:\/\/studio-lo-design.com\/wp-content\/uploads\/2025\/09\/EBOOK-STUDIO-LO-DESIGN.jpeg","width":1376,"height":2106,"caption":"Apprenez \u00e0 am\u00e9nager, optimiser & d\u00e9corer vos espaces comme un pro, tout en respectant votre budget & l\u2019environnement."},{"@type":"BreadcrumbList","@id":"https:\/\/studio-lo-design.com\/?product=architecte-dinterieur#breadcrumb","itemListElement":[{"@type":"ListItem","position":1,"name":"Accueil","item":"https:\/\/studio-lo-design.com\/"},{"@type":"ListItem","position":2,"name":"SHOP","item":"https:\/\/studio-lo-design.com\/?page_id=9947"},{"@type":"ListItem","position":3,"name":"EBOOK &#8211; LES BASES DE L&rsquo;ARCHITECTURE D&rsquo;INTERIEUR &#8211; RESIDENTIEL"}]},{"@type":"WebSite","@id":"https:\/\/studio-lo-design.com\/#website","url":"https:\/\/studio-lo-design.com\/","name":"STUDIO LO DESIGN Architecte d&#039;int\u00e9rieur sur Angers, Le Mans &amp; Marseille","description":"STUDIO LO DESIGN est une agence d&#039;architecture \u00e9co-sensible sur Angers, Le Mans &amp; Marseille","publisher":{"@id":"https:\/\/studio-lo-design.com\/#organization"},"potentialAction":[{"@type":"SearchAction","target":{"@type":"EntryPoint","urlTemplate":"https:\/\/studio-lo-design.com\/?s={search_term_string}"},"query-input":{"@type":"PropertyValueSpecification","valueRequired":true,"valueName":"search_term_string"}}],"inLanguage":"fr-FR"},{"@type":"Organization","@id":"https:\/\/studio-lo-design.com\/#organization","name":"STUDIO LO DESIGN Architecte d&#039;int\u00e9rieur sur Angers, Le Mans &amp; Marseille","url":"https:\/\/studio-lo-design.com\/","logo":{"@type":"ImageObject","inLanguage":"fr-FR","@id":"https:\/\/studio-lo-design.com\/#\/schema\/logo\/image\/","url":"https:\/\/studio-lo-design.com\/wp-content\/uploads\/2023\/06\/Original-Logo-Copie-1.png","contentUrl":"https:\/\/studio-lo-design.com\/wp-content\/uploads\/2023\/06\/Original-Logo-Copie-1.png","width":800,"height":782,"caption":"STUDIO LO DESIGN Architecte d&#039;int\u00e9rieur sur Angers, Le Mans &amp; Marseille"},"image":{"@id":"https:\/\/studio-lo-design.com\/#\/schema\/logo\/image\/"},"sameAs":["https:\/\/www.facebook.com\/profile.php?id=100088068041508","https:\/\/www.linkedin.com\/company\/91487379\/admin\/feed\/posts\/","https:\/\/www.instagram.com\/studio.lo.design\/"]}]}},"jetpack_sharing_enabled":true,"_links":{"self":[{"href":"https:\/\/studio-lo-design.com\/index.php?rest_route=\/wp\/v2\/product\/9934","targetHints":{"allow":["GET"]}}],"collection":[{"href":"https:\/\/studio-lo-design.com\/index.php?rest_route=\/wp\/v2\/product"}],"about":[{"href":"https:\/\/studio-lo-design.com\/index.php?rest_route=\/wp\/v2\/types\/product"}],"replies":[{"embeddable":true,"href":"https:\/\/studio-lo-design.com\/index.php?rest_route=%2Fwp%2Fv2%2Fcomments&post=9934"}],"wp:featuredmedia":[{"embeddable":true,"href":"https:\/\/studio-lo-design.com\/index.php?rest_route=\/wp\/v2\/media\/9936"}],"wp:attachment":[{"href":"https:\/\/studio-lo-design.com\/index.php?rest_route=%2Fwp%2Fv2%2Fmedia&parent=9934"}],"wp:term":[{"taxonomy":"product_brand","embeddable":true,"href":"https:\/\/studio-lo-design.com\/index.php?rest_route=%2Fwp%2Fv2%2Fproduct_brand&post=9934"},{"taxonomy":"product_cat","embeddable":true,"href":"https:\/\/studio-lo-design.com\/index.php?rest_route=%2Fwp%2Fv2%2Fproduct_cat&post=9934"},{"taxonomy":"product_tag","embeddable":true,"href":"https:\/\/studio-lo-design.com\/index.php?rest_route=%2Fwp%2Fv2%2Fproduct_tag&post=9934"}],"curies":[{"name":"wp","href":"https:\/\/api.w.org\/{rel}","templated":true}]}}