{"id":9451,"date":"2025-02-18T18:23:17","date_gmt":"2025-02-18T17:23:17","guid":{"rendered":"https:\/\/studio-lo-design.com\/?page_id=9451"},"modified":"2026-03-08T17:07:17","modified_gmt":"2026-03-08T16:07:17","slug":"mobilier-collectivites-angers","status":"publish","type":"page","link":"https:\/\/studio-lo-design.com\/?page_id=9451","title":{"rendered":"COLLECTIVITES"},"content":{"rendered":"<p>[vc_row row_type=\u00a0\u00bbparallax\u00a0\u00bb full_screen_section_height=\u00a0\u00bbno\u00a0\u00bb css=\u00a0\u00bb.vc_custom_1772974442612{background-position: center !important;background-repeat: no-repeat !important;background-size: cover !important;}\u00a0\u00bb parallax_background_image=\u00a0\u00bb10095&Prime;][vc_column][vc_empty_space height=\u00a0\u00bb100&Prime;][\/vc_column][\/vc_row][vc_row row_content_width=\u00a0\u00bbgrid\u00a0\u00bb][vc_column width=\u00a0\u00bb1\/2&Prime;][vc_empty_space][vc_empty_space][vc_empty_space][vc_empty_space][vc_column_text]<!-- Google Tag Manager --><br \/>\n<script>(function(w,d,s,l,i){w[l]=w[l]||[];w[l].push({'gtm.start':\nnew Date().getTime(),event:'gtm.js'});var f=d.getElementsByTagName(s)[0],\nj=d.createElement(s),dl=l!='dataLayer'?'&l='+l:'';j.async=true;j.src=\n'https:\/\/www.googletagmanager.com\/gtm.js?id='+i+dl;f.parentNode.insertBefore(j,f);\n})(window,document,'script','dataLayer','GTM-KFV7WDQS');<\/script><br \/>\n<!-- End Google Tag Manager --><\/p>\n<h2 style=\"text-align: center;\"><span style=\"color: #ffe651;\">COLLECTIVITES &amp; ETABLISSEMENTS PRIVES<\/span><\/h2>\n<p>[\/vc_column_text][vc_empty_space][vc_empty_space][vc_column_text]<\/p>\n<h4 style=\"text-align: left;\">Mairies, \u00e9tablissements scolaires, IME, EPHAD, centres aquatiques, biblioth\u00e8ques&#8230; vous recevez du public ou avez des besoins sp\u00e9cifiques ?<\/h4>\n<h4 style=\"text-align: left;\">Vous accueillez des r\u00e9sidents poss\u00e9dant une pathologie particuli\u00e8re &amp; avez besoin de mobilier adapt\u00e9 ?<\/h4>\n<h4 style=\"text-align: left;\">Vous \u00eates chef(fe) d&rsquo;un \u00e9tablissement scolaire &amp; souhaitez proposer de nouvelles choses \u00e0 vos \u00e9l\u00e8ves pour d\u00e9velopper leur autonomie ou leur productivit\u00e9 ?<\/h4>\n<h4 style=\"text-align: left;\"><a href=\"https:\/\/studio-lo-design.com\/\"><strong>STUDIO LO DESIGN<\/strong><\/a> croit au bien \u00eatre, \u00e0 l&rsquo;accessibilit\u00e9 &amp; \u00e0 l&rsquo;inclusion pour tous au travers du design d&rsquo;espace &amp; de mobilier, nous vous accompagnerons avec plaisir !<\/h4>\n<p>[\/vc_column_text][\/vc_column][vc_column width=\u00a0\u00bb1\/2&Prime;][vc_empty_space][vc_empty_space][vc_empty_space][vc_empty_space][vc_empty_space][vc_empty_space][vc_empty_space][vc_empty_space][vc_empty_space][vc_empty_space][vc_empty_space]<div class=\"eltdf-iwt clearfix eltdf-iwt-icon-top eltdf-iwt-icon-medium\">\n    <div class=\"eltdf-iwt-icon\">\n                                    <img loading=\"lazy\" decoding=\"async\" width=\"800\" height=\"592\" src=\"https:\/\/studio-lo-design.com\/wp-content\/uploads\/2025\/02\/maison-daccueil-leveil-du-scarabee-blackwhite.jpg\" class=\"attachment-full size-full\" alt=\"\" srcset=\"https:\/\/studio-lo-design.com\/wp-content\/uploads\/2025\/02\/maison-daccueil-leveil-du-scarabee-blackwhite.jpg 800w, https:\/\/studio-lo-design.com\/wp-content\/uploads\/2025\/02\/maison-daccueil-leveil-du-scarabee-blackwhite-300x222.jpg 300w, https:\/\/studio-lo-design.com\/wp-content\/uploads\/2025\/02\/maison-daccueil-leveil-du-scarabee-blackwhite-768x568.jpg 768w\" sizes=\"auto, (max-width: 800px) 100vw, 800px\" \/>                        <\/div>\n    <div class=\"eltdf-iwt-content\" >\n\t    \t\t    <\/div>\n<\/div>[\/vc_column][\/vc_row][vc_row row_content_width=\u00a0\u00bbgrid\u00a0\u00bb][vc_column width=\u00a0\u00bb1\/2&Prime;][vc_empty_space][vc_empty_space][vc_empty_space][vc_empty_space][vc_empty_space][vc_empty_space][vc_empty_space][vc_empty_space][vc_empty_space][vc_empty_space][vc_empty_space][vc_empty_space][vc_empty_space][vc_empty_space][vc_empty_space][vc_empty_space][vc_empty_space][vc_empty_space][vc_empty_space][vc_empty_space][vc_empty_space][vc_empty_space][vc_empty_space][vc_empty_space][vc_empty_space][vc_empty_space][vc_empty_space][vc_empty_space][vc_empty_space]<div class=\"eltdf-iwt clearfix eltdf-iwt-icon-top eltdf-iwt-icon-medium\">\n    <div class=\"eltdf-iwt-icon\">\n                                    <img loading=\"lazy\" decoding=\"async\" width=\"1920\" height=\"1080\" src=\"https:\/\/studio-lo-design.com\/wp-content\/uploads\/2025\/02\/Amenagement-decoration-interieure-programme-neuf-reisidence-senior-EHPAD-blackwhite.jpg\" class=\"attachment-full size-full\" alt=\"\" srcset=\"https:\/\/studio-lo-design.com\/wp-content\/uploads\/2025\/02\/Amenagement-decoration-interieure-programme-neuf-reisidence-senior-EHPAD-blackwhite.jpg 1920w, https:\/\/studio-lo-design.com\/wp-content\/uploads\/2025\/02\/Amenagement-decoration-interieure-programme-neuf-reisidence-senior-EHPAD-blackwhite-300x169.jpg 300w, https:\/\/studio-lo-design.com\/wp-content\/uploads\/2025\/02\/Amenagement-decoration-interieure-programme-neuf-reisidence-senior-EHPAD-blackwhite-1024x576.jpg 1024w, https:\/\/studio-lo-design.com\/wp-content\/uploads\/2025\/02\/Amenagement-decoration-interieure-programme-neuf-reisidence-senior-EHPAD-blackwhite-768x432.jpg 768w, https:\/\/studio-lo-design.com\/wp-content\/uploads\/2025\/02\/Amenagement-decoration-interieure-programme-neuf-reisidence-senior-EHPAD-blackwhite-1536x864.jpg 1536w\" sizes=\"auto, (max-width: 1920px) 100vw, 1920px\" \/>                        <\/div>\n    <div class=\"eltdf-iwt-content\" >\n\t    \t\t    <\/div>\n<\/div>[vc_empty_space]<div class=\"eltdf-iwt clearfix eltdf-iwt-icon-top eltdf-iwt-icon-medium\">\n    <div class=\"eltdf-iwt-icon\">\n                                    <img loading=\"lazy\" decoding=\"async\" width=\"770\" height=\"459\" src=\"https:\/\/studio-lo-design.com\/wp-content\/uploads\/2025\/02\/67a8c5bdd925e-blackwhite.jpg\" class=\"attachment-full size-full\" alt=\"\" srcset=\"https:\/\/studio-lo-design.com\/wp-content\/uploads\/2025\/02\/67a8c5bdd925e-blackwhite.jpg 770w, https:\/\/studio-lo-design.com\/wp-content\/uploads\/2025\/02\/67a8c5bdd925e-blackwhite-300x179.jpg 300w, https:\/\/studio-lo-design.com\/wp-content\/uploads\/2025\/02\/67a8c5bdd925e-blackwhite-768x458.jpg 768w\" sizes=\"auto, (max-width: 770px) 100vw, 770px\" \/>                        <\/div>\n    <div class=\"eltdf-iwt-content\" >\n\t    \t\t    <\/div>\n<\/div>[\/vc_column][vc_column width=\u00a0\u00bb1\/2&Prime;][vc_empty_space][vc_empty_space][vc_empty_space][vc_empty_space][vc_column_text]<\/p>\n<h2 style=\"text-align: center;\"><span style=\"color: #ffe651;\">STUDIO LO DESIGN votre sp\u00e9cialiste en<\/span><\/h2>\n<h1 style=\"text-align: center;\"><span style=\"color: #ffe651;\"> agencement &amp; mobilier pour les collectivit\u00e9s <\/span><\/h1>\n<h2 style=\"text-align: center;\"><span style=\"color: #ffe651;\">&amp; les \u00e9tablissements priv\u00e9s <\/span><span style=\"color: #ffe651;\">sur Angers, La Fl\u00e8che &amp; Marseille<\/span><\/h2>\n<p>[\/vc_column_text][vc_empty_space][vc_empty_space][vc_empty_space][vc_empty_space][vc_empty_space][vc_empty_space][vc_column_text]<\/p>\n<h4>Notre cr\u00e9ativit\u00e9 &amp; notre savoir-faire de designer d&rsquo;espace nous permet de repenser l&rsquo;am\u00e9nagement de votre \u00e9tablissement afin de le rendre inclusif &amp; d&rsquo;optimiser le confort &amp; le bien-\u00eatre de ses usagers.<\/h4>\n<h4>Convaincus que l&rsquo;ergonomie est l&rsquo;une des clefs pour favoriser l&rsquo;apprentissage, nous saurons cr\u00e9er un univers apaisant, fonctionnel &amp; bienveillant !<\/h4>\n<p>[\/vc_column_text][vc_empty_space][vc_column_text]<\/p>\n<h4>La recherche permanente en mati\u00e8re de techniques p\u00e9dagogiques, de pathologies m\u00e9dicales, d&rsquo;avanc\u00e9es technologiques &amp; de mat\u00e9riaux innovants nous permet de toujours vous proposer un projet avant gardiste qui r\u00e9pondra \u00e0 vos attentes !<\/h4>\n<p>[\/vc_column_text][vc_empty_space][vc_column_text]<\/p>\n<h4>Sp\u00e9cialis\u00e9 dans le design d&rsquo;espace &amp; la conception de mobilier, notre expertise vous offre un accompagnement de A \u00e0 Z :<\/h4>\n<h4>&#8211; la d\u00e9finition compl\u00e8te de votre projet : en cr\u00e9ation ou r\u00e9novation de l&rsquo;existant, accueil, bureau priv\u00e9, espace de restauration, conception d&rsquo;un environnement propice \u00e0 l&rsquo;apprentissage &amp; au bien-\u00eatre du public que vous accueillez<\/h4>\n<h4>&#8211; l&rsquo;am\u00e9nagement complet d&rsquo;\u00e9tablissements recevant du public (ERP) : fourniture de mobilier sur-mesure, sp\u00e9cifique ou standard selon vos besoins<\/h4>\n<h4>&#8211; la mise aux normes d&rsquo;\u00e9tablissements recevant du public (ERP), notamment en accessibilit\u00e9 pour les personnes \u00e0 mobilit\u00e9 r\u00e9duite (PMR)<\/h4>\n<p><!-- Google Tag Manager (noscript) --><br \/>\n<noscript><iframe loading=\"lazy\" src=\"https:\/\/www.googletagmanager.com\/ns.html?id=GTM-KFV7WDQS\" height=\"0\" width=\"0\" style=\"display:none;visibility:hidden\"><\/iframe><\/noscript><br \/>\n<!-- End Google Tag Manager (noscript) -->[\/vc_column_text][vc_empty_space][vc_empty_space][vc_empty_space][\/vc_column][\/vc_row][vc_row row_type=\u00a0\u00bbparallax\u00a0\u00bb full_screen_section_height=\u00a0\u00bbno\u00a0\u00bb css=\u00a0\u00bb.vc_custom_1772974442612{background-position: center !important;background-repeat: no-repeat !important;background-size: cover !important;}\u00a0\u00bb parallax_background_image=\u00a0\u00bb10095&Prime;][vc_column][vc_empty_space height=\u00a0\u00bb100&Prime;][\/vc_column][\/vc_row][vc_row][vc_column][vc_raw_html]JTNDYXVkaW8lMjBpZCUzRCUyMmNvbGxlY3Rpdml0ZS1zb3VuZCUyMiUyMGF1dG9wbGF5JTIwbG9vcCUzRSUwQSUyMCUyMCUzQ3NvdXJjZSUyMHNyYyUzRCUyMmh0dHBzJTNBJTJGJTJGc3R1ZGlvLWxvLWRlc2lnbi5jb20lMkZ3cC1jb250ZW50JTJGdXBsb2FkcyUyRjIwMjYlMkYwMyUyRkVTX0Nyb3dkcy1DaGlsZHJlbi1LaW5kZXJnYXJ0ZW4tQ2hpbGRyZW4tQ2l0eS1CaXJkcy0wMS1FcGlkZW1pYy1Tb3VuZC5tcDMlMjIlMjB0eXBlJTNEJTIyYXVkaW8lMkZtcGVnJTIyJTNFJTBBJTIwJTIwVm90cmUlMjBuYXZpZ2F0ZXVyJTIwbmUlMjBzdXBwb3J0ZSUyMHBhcyUyMGwlRTIlODAlOTlhdWRpby4lMEElM0MlMkZhdWRpbyUzRQ==[\/vc_raw_html][\/vc_column][\/vc_row]<\/p>\n","protected":false},"excerpt":{"rendered":"<p>[vc_row row_type=\u00a0\u00bbparallax\u00a0\u00bb full_screen_section_height=\u00a0\u00bbno\u00a0\u00bb css=\u00a0\u00bb.vc_custom_1772974442612{background-position: center !important;background-repeat: no-repeat !important;background-size: cover !important;}\u00a0\u00bb parallax_background_image=\u00a0\u00bb10095&Prime;][vc_column][vc_empty_space height=\u00a0\u00bb100&Prime;][\/vc_column][\/vc_row][vc_row row_content_width=\u00a0\u00bbgrid\u00a0\u00bb][vc_column width=\u00a0\u00bb1\/2&Prime;][vc_empty_space][vc_empty_space][vc_empty_space][vc_empty_space][vc_column_text] COLLECTIVITES &amp; ETABLISSEMENTS PRIVES [\/vc_column_text][vc_empty_space][vc_empty_space][vc_column_text] Mairies, \u00e9tablissements scolaires, IME, EPHAD, centres aquatiques, biblioth\u00e8ques&#8230; vous recevez du public ou avez des besoins sp\u00e9cifiques ? Vous accueillez des r\u00e9sidents poss\u00e9dant une pathologie particuli\u00e8re [&hellip;]<\/p>\n","protected":false},"author":1,"featured_media":9643,"parent":0,"menu_order":0,"comment_status":"closed","ping_status":"closed","template":"full-width.php","meta":{"footnotes":""},"class_list":["post-9451","page","type-page","status-publish","has-post-thumbnail","hentry"],"yoast_head":"<!-- This site is optimized with the Yoast SEO plugin v27.4 - https:\/\/yoast.com\/product\/yoast-seo-wordpress\/ -->\n<title>STUDIO LO DESIGN agencement &amp; mobilier pour les collectivit\u00e9s sur Angers &amp; Marseille<\/title>\n<meta name=\"description\" content=\"Pour \u00e9quiper votre \u00e9tablissement faites appel \u00e0 STUDIO LO DESIGN architecte d&#039;int\u00e9rieur, agencement &amp; fournisseur de mobilier pour les collectivit\u00e9s sur Angers, La Fl\u00e8che &amp; Montpellier.\" \/>\n<meta name=\"robots\" content=\"index, follow, max-snippet:-1, max-image-preview:large, max-video-preview:-1\" \/>\n<link rel=\"canonical\" href=\"https:\/\/studio-lo-design.com\/?page_id=9451\" \/>\n<meta property=\"og:locale\" content=\"fr_FR\" \/>\n<meta property=\"og:type\" content=\"article\" \/>\n<meta property=\"og:title\" content=\"STUDIO LO DESIGN agencement &amp; mobilier pour les collectivit\u00e9s sur Angers &amp; Marseille\" \/>\n<meta property=\"og:description\" content=\"Pour \u00e9quiper votre \u00e9tablissement faites appel \u00e0 STUDIO LO DESIGN architecte d&#039;int\u00e9rieur, agencement &amp; fournisseur de mobilier pour les collectivit\u00e9s sur Angers, La Fl\u00e8che &amp; Montpellier.\" \/>\n<meta property=\"og:url\" content=\"https:\/\/studio-lo-design.com\/?page_id=9451\" \/>\n<meta property=\"og:site_name\" content=\"STUDIO LO DESIGN Architecte d&#039;int\u00e9rieur sur Angers, Le Mans &amp; Marseille\" \/>\n<meta property=\"article:publisher\" content=\"https:\/\/www.facebook.com\/profile.php?id=100088068041508\" \/>\n<meta property=\"article:modified_time\" content=\"2026-03-08T16:07:17+00:00\" \/>\n<meta property=\"og:image\" content=\"https:\/\/studio-lo-design.com\/wp-content\/uploads\/2025\/02\/3304-architecture-design-muuuz-magazine-blog-decoration-interieur-art-maison-architecte-Joey-ho-spring-hong-kong-creche-education-01.jpg\" \/>\n\t<meta property=\"og:image:width\" content=\"565\" \/>\n\t<meta property=\"og:image:height\" content=\"565\" \/>\n\t<meta property=\"og:image:type\" content=\"image\/jpeg\" \/>\n<meta name=\"twitter:card\" content=\"summary_large_image\" \/>\n<meta name=\"twitter:label1\" content=\"Dur\u00e9e de lecture estim\u00e9e\" \/>\n\t<meta name=\"twitter:data1\" content=\"3 minutes\" \/>\n<script type=\"application\/ld+json\" class=\"yoast-schema-graph\">{\"@context\":\"https:\\\/\\\/schema.org\",\"@graph\":[{\"@type\":\"WebPage\",\"@id\":\"https:\\\/\\\/studio-lo-design.com\\\/?page_id=9451\",\"url\":\"https:\\\/\\\/studio-lo-design.com\\\/?page_id=9451\",\"name\":\"STUDIO LO DESIGN agencement & mobilier pour les collectivit\u00e9s sur Angers & Marseille\",\"isPartOf\":{\"@id\":\"https:\\\/\\\/studio-lo-design.com\\\/#website\"},\"primaryImageOfPage\":{\"@id\":\"https:\\\/\\\/studio-lo-design.com\\\/?page_id=9451#primaryimage\"},\"image\":{\"@id\":\"https:\\\/\\\/studio-lo-design.com\\\/?page_id=9451#primaryimage\"},\"thumbnailUrl\":\"https:\\\/\\\/studio-lo-design.com\\\/wp-content\\\/uploads\\\/2025\\\/02\\\/3304-architecture-design-muuuz-magazine-blog-decoration-interieur-art-maison-architecte-Joey-ho-spring-hong-kong-creche-education-01.jpg\",\"datePublished\":\"2025-02-18T17:23:17+00:00\",\"dateModified\":\"2026-03-08T16:07:17+00:00\",\"description\":\"Pour \u00e9quiper votre \u00e9tablissement faites appel \u00e0 STUDIO LO DESIGN architecte d'int\u00e9rieur, agencement & fournisseur de mobilier pour les collectivit\u00e9s sur Angers, La Fl\u00e8che & Montpellier.\",\"breadcrumb\":{\"@id\":\"https:\\\/\\\/studio-lo-design.com\\\/?page_id=9451#breadcrumb\"},\"inLanguage\":\"fr-FR\",\"potentialAction\":[{\"@type\":\"ReadAction\",\"target\":[\"https:\\\/\\\/studio-lo-design.com\\\/?page_id=9451\"]}]},{\"@type\":\"ImageObject\",\"inLanguage\":\"fr-FR\",\"@id\":\"https:\\\/\\\/studio-lo-design.com\\\/?page_id=9451#primaryimage\",\"url\":\"https:\\\/\\\/studio-lo-design.com\\\/wp-content\\\/uploads\\\/2025\\\/02\\\/3304-architecture-design-muuuz-magazine-blog-decoration-interieur-art-maison-architecte-Joey-ho-spring-hong-kong-creche-education-01.jpg\",\"contentUrl\":\"https:\\\/\\\/studio-lo-design.com\\\/wp-content\\\/uploads\\\/2025\\\/02\\\/3304-architecture-design-muuuz-magazine-blog-decoration-interieur-art-maison-architecte-Joey-ho-spring-hong-kong-creche-education-01.jpg\",\"width\":565,\"height\":565,\"caption\":\"agencement mobilier collectivit\u00e9s Angers\"},{\"@type\":\"BreadcrumbList\",\"@id\":\"https:\\\/\\\/studio-lo-design.com\\\/?page_id=9451#breadcrumb\",\"itemListElement\":[{\"@type\":\"ListItem\",\"position\":1,\"name\":\"Accueil\",\"item\":\"https:\\\/\\\/studio-lo-design.com\\\/\"},{\"@type\":\"ListItem\",\"position\":2,\"name\":\"COLLECTIVITES\"}]},{\"@type\":\"WebSite\",\"@id\":\"https:\\\/\\\/studio-lo-design.com\\\/#website\",\"url\":\"https:\\\/\\\/studio-lo-design.com\\\/\",\"name\":\"STUDIO LO DESIGN Architecte d&#039;int\u00e9rieur sur Angers, Le Mans &amp; Marseille\",\"description\":\"STUDIO LO DESIGN est une agence d&#039;architecture \u00e9co-sensible sur Angers, Le Mans &amp; Marseille\",\"publisher\":{\"@id\":\"https:\\\/\\\/studio-lo-design.com\\\/#organization\"},\"potentialAction\":[{\"@type\":\"SearchAction\",\"target\":{\"@type\":\"EntryPoint\",\"urlTemplate\":\"https:\\\/\\\/studio-lo-design.com\\\/?s={search_term_string}\"},\"query-input\":{\"@type\":\"PropertyValueSpecification\",\"valueRequired\":true,\"valueName\":\"search_term_string\"}}],\"inLanguage\":\"fr-FR\"},{\"@type\":\"Organization\",\"@id\":\"https:\\\/\\\/studio-lo-design.com\\\/#organization\",\"name\":\"STUDIO LO DESIGN Architecte d&#039;int\u00e9rieur sur Angers, Le Mans &amp; Marseille\",\"url\":\"https:\\\/\\\/studio-lo-design.com\\\/\",\"logo\":{\"@type\":\"ImageObject\",\"inLanguage\":\"fr-FR\",\"@id\":\"https:\\\/\\\/studio-lo-design.com\\\/#\\\/schema\\\/logo\\\/image\\\/\",\"url\":\"https:\\\/\\\/studio-lo-design.com\\\/wp-content\\\/uploads\\\/2023\\\/06\\\/Original-Logo-Copie-1.png\",\"contentUrl\":\"https:\\\/\\\/studio-lo-design.com\\\/wp-content\\\/uploads\\\/2023\\\/06\\\/Original-Logo-Copie-1.png\",\"width\":800,\"height\":782,\"caption\":\"STUDIO LO DESIGN Architecte d&#039;int\u00e9rieur sur Angers, Le Mans &amp; Marseille\"},\"image\":{\"@id\":\"https:\\\/\\\/studio-lo-design.com\\\/#\\\/schema\\\/logo\\\/image\\\/\"},\"sameAs\":[\"https:\\\/\\\/www.facebook.com\\\/profile.php?id=100088068041508\",\"https:\\\/\\\/www.linkedin.com\\\/company\\\/91487379\\\/admin\\\/feed\\\/posts\\\/\",\"https:\\\/\\\/www.instagram.com\\\/studio.lo.design\\\/\"]}]}<\/script>\n<!-- \/ Yoast SEO plugin. -->","yoast_head_json":{"title":"STUDIO LO DESIGN agencement & mobilier pour les collectivit\u00e9s sur Angers & Marseille","description":"Pour \u00e9quiper votre \u00e9tablissement faites appel \u00e0 STUDIO LO DESIGN architecte d'int\u00e9rieur, agencement & fournisseur de mobilier pour les collectivit\u00e9s sur Angers, La Fl\u00e8che & Montpellier.","robots":{"index":"index","follow":"follow","max-snippet":"max-snippet:-1","max-image-preview":"max-image-preview:large","max-video-preview":"max-video-preview:-1"},"canonical":"https:\/\/studio-lo-design.com\/?page_id=9451","og_locale":"fr_FR","og_type":"article","og_title":"STUDIO LO DESIGN agencement & mobilier pour les collectivit\u00e9s sur Angers & Marseille","og_description":"Pour \u00e9quiper votre \u00e9tablissement faites appel \u00e0 STUDIO LO DESIGN architecte d'int\u00e9rieur, agencement & fournisseur de mobilier pour les collectivit\u00e9s sur Angers, La Fl\u00e8che & Montpellier.","og_url":"https:\/\/studio-lo-design.com\/?page_id=9451","og_site_name":"STUDIO LO DESIGN Architecte d&#039;int\u00e9rieur sur Angers, Le Mans &amp; Marseille","article_publisher":"https:\/\/www.facebook.com\/profile.php?id=100088068041508","article_modified_time":"2026-03-08T16:07:17+00:00","og_image":[{"width":565,"height":565,"url":"https:\/\/studio-lo-design.com\/wp-content\/uploads\/2025\/02\/3304-architecture-design-muuuz-magazine-blog-decoration-interieur-art-maison-architecte-Joey-ho-spring-hong-kong-creche-education-01.jpg","type":"image\/jpeg"}],"twitter_card":"summary_large_image","twitter_misc":{"Dur\u00e9e de lecture estim\u00e9e":"3 minutes"},"schema":{"@context":"https:\/\/schema.org","@graph":[{"@type":"WebPage","@id":"https:\/\/studio-lo-design.com\/?page_id=9451","url":"https:\/\/studio-lo-design.com\/?page_id=9451","name":"STUDIO LO DESIGN agencement & mobilier pour les collectivit\u00e9s sur Angers & Marseille","isPartOf":{"@id":"https:\/\/studio-lo-design.com\/#website"},"primaryImageOfPage":{"@id":"https:\/\/studio-lo-design.com\/?page_id=9451#primaryimage"},"image":{"@id":"https:\/\/studio-lo-design.com\/?page_id=9451#primaryimage"},"thumbnailUrl":"https:\/\/studio-lo-design.com\/wp-content\/uploads\/2025\/02\/3304-architecture-design-muuuz-magazine-blog-decoration-interieur-art-maison-architecte-Joey-ho-spring-hong-kong-creche-education-01.jpg","datePublished":"2025-02-18T17:23:17+00:00","dateModified":"2026-03-08T16:07:17+00:00","description":"Pour \u00e9quiper votre \u00e9tablissement faites appel \u00e0 STUDIO LO DESIGN architecte d'int\u00e9rieur, agencement & fournisseur de mobilier pour les collectivit\u00e9s sur Angers, La Fl\u00e8che & Montpellier.","breadcrumb":{"@id":"https:\/\/studio-lo-design.com\/?page_id=9451#breadcrumb"},"inLanguage":"fr-FR","potentialAction":[{"@type":"ReadAction","target":["https:\/\/studio-lo-design.com\/?page_id=9451"]}]},{"@type":"ImageObject","inLanguage":"fr-FR","@id":"https:\/\/studio-lo-design.com\/?page_id=9451#primaryimage","url":"https:\/\/studio-lo-design.com\/wp-content\/uploads\/2025\/02\/3304-architecture-design-muuuz-magazine-blog-decoration-interieur-art-maison-architecte-Joey-ho-spring-hong-kong-creche-education-01.jpg","contentUrl":"https:\/\/studio-lo-design.com\/wp-content\/uploads\/2025\/02\/3304-architecture-design-muuuz-magazine-blog-decoration-interieur-art-maison-architecte-Joey-ho-spring-hong-kong-creche-education-01.jpg","width":565,"height":565,"caption":"agencement mobilier collectivit\u00e9s Angers"},{"@type":"BreadcrumbList","@id":"https:\/\/studio-lo-design.com\/?page_id=9451#breadcrumb","itemListElement":[{"@type":"ListItem","position":1,"name":"Accueil","item":"https:\/\/studio-lo-design.com\/"},{"@type":"ListItem","position":2,"name":"COLLECTIVITES"}]},{"@type":"WebSite","@id":"https:\/\/studio-lo-design.com\/#website","url":"https:\/\/studio-lo-design.com\/","name":"STUDIO LO DESIGN Architecte d&#039;int\u00e9rieur sur Angers, Le Mans &amp; Marseille","description":"STUDIO LO DESIGN est une agence d&#039;architecture \u00e9co-sensible sur Angers, Le Mans &amp; Marseille","publisher":{"@id":"https:\/\/studio-lo-design.com\/#organization"},"potentialAction":[{"@type":"SearchAction","target":{"@type":"EntryPoint","urlTemplate":"https:\/\/studio-lo-design.com\/?s={search_term_string}"},"query-input":{"@type":"PropertyValueSpecification","valueRequired":true,"valueName":"search_term_string"}}],"inLanguage":"fr-FR"},{"@type":"Organization","@id":"https:\/\/studio-lo-design.com\/#organization","name":"STUDIO LO DESIGN Architecte d&#039;int\u00e9rieur sur Angers, Le Mans &amp; Marseille","url":"https:\/\/studio-lo-design.com\/","logo":{"@type":"ImageObject","inLanguage":"fr-FR","@id":"https:\/\/studio-lo-design.com\/#\/schema\/logo\/image\/","url":"https:\/\/studio-lo-design.com\/wp-content\/uploads\/2023\/06\/Original-Logo-Copie-1.png","contentUrl":"https:\/\/studio-lo-design.com\/wp-content\/uploads\/2023\/06\/Original-Logo-Copie-1.png","width":800,"height":782,"caption":"STUDIO LO DESIGN Architecte d&#039;int\u00e9rieur sur Angers, Le Mans &amp; Marseille"},"image":{"@id":"https:\/\/studio-lo-design.com\/#\/schema\/logo\/image\/"},"sameAs":["https:\/\/www.facebook.com\/profile.php?id=100088068041508","https:\/\/www.linkedin.com\/company\/91487379\/admin\/feed\/posts\/","https:\/\/www.instagram.com\/studio.lo.design\/"]}]}},"jetpack_sharing_enabled":true,"_links":{"self":[{"href":"https:\/\/studio-lo-design.com\/index.php?rest_route=\/wp\/v2\/pages\/9451","targetHints":{"allow":["GET"]}}],"collection":[{"href":"https:\/\/studio-lo-design.com\/index.php?rest_route=\/wp\/v2\/pages"}],"about":[{"href":"https:\/\/studio-lo-design.com\/index.php?rest_route=\/wp\/v2\/types\/page"}],"author":[{"embeddable":true,"href":"https:\/\/studio-lo-design.com\/index.php?rest_route=\/wp\/v2\/users\/1"}],"replies":[{"embeddable":true,"href":"https:\/\/studio-lo-design.com\/index.php?rest_route=%2Fwp%2Fv2%2Fcomments&post=9451"}],"version-history":[{"count":24,"href":"https:\/\/studio-lo-design.com\/index.php?rest_route=\/wp\/v2\/pages\/9451\/revisions"}],"predecessor-version":[{"id":10228,"href":"https:\/\/studio-lo-design.com\/index.php?rest_route=\/wp\/v2\/pages\/9451\/revisions\/10228"}],"wp:featuredmedia":[{"embeddable":true,"href":"https:\/\/studio-lo-design.com\/index.php?rest_route=\/wp\/v2\/media\/9643"}],"wp:attachment":[{"href":"https:\/\/studio-lo-design.com\/index.php?rest_route=%2Fwp%2Fv2%2Fmedia&parent=9451"}],"curies":[{"name":"wp","href":"https:\/\/api.w.org\/{rel}","templated":true}]}}