{"id":9450,"date":"2025-02-18T18:23:17","date_gmt":"2025-02-18T17:23:17","guid":{"rendered":"https:\/\/studio-lo-design.com\/?page_id=9450"},"modified":"2026-03-08T17:05:21","modified_gmt":"2026-03-08T16:05:21","slug":"agencement-mobilier-entreprises-marseille","status":"publish","type":"page","link":"https:\/\/studio-lo-design.com\/?page_id=9450","title":{"rendered":"COLLABORATIVE SPACES"},"content":{"rendered":"<p>[vc_row row_type=\u00a0\u00bbparallax\u00a0\u00bb full_screen_section_height=\u00a0\u00bbno\u00a0\u00bb css=\u00a0\u00bb.vc_custom_1772974273507{background-position: center !important;background-repeat: no-repeat !important;background-size: cover !important;}\u00a0\u00bb parallax_background_image=\u00a0\u00bb10095&Prime;][vc_column][vc_empty_space height=\u00a0\u00bb100&Prime;][\/vc_column][\/vc_row][vc_row row_content_width=\u00a0\u00bbgrid\u00a0\u00bb][vc_column width=\u00a0\u00bb1\/2&Prime;][vc_empty_space][vc_empty_space][vc_empty_space][vc_empty_space][vc_column_text]<!-- Google Tag Manager --><br \/>\n<script>(function(w,d,s,l,i){w[l]=w[l]||[];w[l].push({'gtm.start':\nnew Date().getTime(),event:'gtm.js'});var f=d.getElementsByTagName(s)[0],\nj=d.createElement(s),dl=l!='dataLayer'?'&l='+l:'';j.async=true;j.src=\n'https:\/\/www.googletagmanager.com\/gtm.js?id='+i+dl;f.parentNode.insertBefore(j,f);\n})(window,document,'script','dataLayer','GTM-KFV7WDQS');<\/script><br \/>\n<!-- End Google Tag Manager --><\/p>\n<h2 style=\"text-align: center;\"><span style=\"color: #ffe651;\">PROFESSIONNELS &amp; ENTREPRISES<\/span><\/h2>\n<p>[\/vc_column_text][vc_empty_space][vc_empty_space][vc_column_text]<\/p>\n<div class=\"eltdf-iwt clearfix eltdf-iwt-icon-top eltdf-iwt-icon-medium\">\n<div class=\"eltdf-iwt-content\">\n<h4 class=\"eltdf-iwt-text\" style=\"text-align: left;\">Vous poss\u00e9dez une boutique &amp; vous ne savez pas comment optimiser votre surface de vente ?<\/h4>\n<h4 class=\"eltdf-iwt-text\" style=\"text-align: left;\">Votre salon de coiffure n&rsquo;a pas chang\u00e9 de style depuis les ann\u00e9es 90 ?<\/h4>\n<h4 class=\"eltdf-iwt-text\" style=\"text-align: left;\">Vous souhaitez adapter votre espace d&rsquo;accueil pour la r\u00e9ception de votre client\u00e8le ?<\/h4>\n<h4 class=\"eltdf-iwt-text\" style=\"text-align: left;\">Vous en avez marre d\u2019\u00e9tendre les conversations perso de vos coll\u00e8gues &amp; avez besoin de vous am\u00e9nager un bureau ferm\u00e9, ou au contraire vous souhaitez cr\u00e9er un open space ?<\/h4>\n<h4 class=\"eltdf-iwt-text\" style=\"text-align: left;\">Vos \u00e9quipes squattent la machine \u00e0 caf\u00e9 pour le d\u00e9briefing quotidien &amp; vous voulez leur offrir un espace collaboratif ?<\/h4>\n<h4 class=\"eltdf-iwt-text\" style=\"text-align: left;\"><strong>STUDIO LO DESIGN<\/strong> peut vous aider \u00e0 am\u00e9liorer votre vie au travail !<\/h4>\n<\/div>\n<\/div>\n<p>[\/vc_column_text][\/vc_column][vc_column width=\u00a0\u00bb1\/2&Prime;][vc_empty_space][vc_empty_space][vc_empty_space][vc_empty_space][vc_empty_space][vc_empty_space][vc_empty_space][vc_empty_space][vc_empty_space][vc_empty_space][vc_empty_space][vc_empty_space][vc_empty_space height=\u00a0\u00bb15px\u00a0\u00bb]<div class=\"eltdf-iwt clearfix eltdf-iwt-icon-top eltdf-iwt-icon-huge\">\n    <div class=\"eltdf-iwt-icon\">\n                                    <img loading=\"lazy\" decoding=\"async\" width=\"1920\" height=\"1164\" src=\"https:\/\/studio-lo-design.com\/wp-content\/uploads\/2025\/02\/Capture-decran-2025-02-21-a-15.55.33-scaled-blackwhite.jpg\" class=\"attachment-full size-full\" alt=\"\" srcset=\"https:\/\/studio-lo-design.com\/wp-content\/uploads\/2025\/02\/Capture-decran-2025-02-21-a-15.55.33-scaled-blackwhite.jpg 1920w, https:\/\/studio-lo-design.com\/wp-content\/uploads\/2025\/02\/Capture-decran-2025-02-21-a-15.55.33-scaled-blackwhite-300x182.jpg 300w, https:\/\/studio-lo-design.com\/wp-content\/uploads\/2025\/02\/Capture-decran-2025-02-21-a-15.55.33-scaled-blackwhite-1024x621.jpg 1024w, https:\/\/studio-lo-design.com\/wp-content\/uploads\/2025\/02\/Capture-decran-2025-02-21-a-15.55.33-scaled-blackwhite-768x466.jpg 768w, https:\/\/studio-lo-design.com\/wp-content\/uploads\/2025\/02\/Capture-decran-2025-02-21-a-15.55.33-scaled-blackwhite-1536x931.jpg 1536w\" sizes=\"auto, (max-width: 1920px) 100vw, 1920px\" \/>                        <\/div>\n    <div class=\"eltdf-iwt-content\" >\n\t    \t\t    <\/div>\n<\/div>[\/vc_column][\/vc_row][vc_row row_content_width=\u00a0\u00bbgrid\u00a0\u00bb][vc_column width=\u00a0\u00bb1\/2&Prime;][vc_empty_space][vc_empty_space][vc_empty_space][vc_empty_space][vc_empty_space][vc_empty_space][vc_empty_space][vc_empty_space][vc_empty_space][vc_empty_space][vc_empty_space][vc_empty_space][vc_empty_space][vc_empty_space][vc_empty_space][vc_empty_space][vc_empty_space][vc_empty_space][vc_empty_space][vc_empty_space][vc_empty_space][vc_empty_space][vc_empty_space][vc_empty_space][vc_empty_space][vc_empty_space][vc_empty_space][vc_empty_space][vc_empty_space][vc_empty_space][vc_empty_space][vc_empty_space][vc_empty_space][vc_empty_space][vc_empty_space][vc_empty_space height=\u00a0\u00bb15&Prime;]<div class=\"eltdf-iwt clearfix eltdf-iwt-icon-top eltdf-iwt-icon-tiny\">\n    <div class=\"eltdf-iwt-icon\">\n                                    <img loading=\"lazy\" decoding=\"async\" width=\"1024\" height=\"696\" src=\"https:\/\/studio-lo-design.com\/wp-content\/uploads\/2025\/02\/bureau-blackwhite.jpg\" class=\"attachment-full size-full\" alt=\"\" srcset=\"https:\/\/studio-lo-design.com\/wp-content\/uploads\/2025\/02\/bureau-blackwhite.jpg 1024w, https:\/\/studio-lo-design.com\/wp-content\/uploads\/2025\/02\/bureau-blackwhite-300x204.jpg 300w, https:\/\/studio-lo-design.com\/wp-content\/uploads\/2025\/02\/bureau-blackwhite-768x522.jpg 768w\" sizes=\"auto, (max-width: 1024px) 100vw, 1024px\" \/>                        <\/div>\n    <div class=\"eltdf-iwt-content\" >\n\t    \t\t    <\/div>\n<\/div>[vc_empty_space]<div class=\"eltdf-iwt clearfix eltdf-iwt-icon-top eltdf-iwt-icon-tiny\">\n    <div class=\"eltdf-iwt-icon\">\n                                    <img loading=\"lazy\" decoding=\"async\" width=\"1203\" height=\"800\" src=\"https:\/\/studio-lo-design.com\/wp-content\/uploads\/2025\/02\/acceuil-space-blackwhite.jpg\" class=\"attachment-full size-full\" alt=\"\" srcset=\"https:\/\/studio-lo-design.com\/wp-content\/uploads\/2025\/02\/acceuil-space-blackwhite.jpg 1203w, https:\/\/studio-lo-design.com\/wp-content\/uploads\/2025\/02\/acceuil-space-blackwhite-300x200.jpg 300w, https:\/\/studio-lo-design.com\/wp-content\/uploads\/2025\/02\/acceuil-space-blackwhite-1024x681.jpg 1024w, https:\/\/studio-lo-design.com\/wp-content\/uploads\/2025\/02\/acceuil-space-blackwhite-768x511.jpg 768w\" sizes=\"auto, (max-width: 1203px) 100vw, 1203px\" \/>                        <\/div>\n    <div class=\"eltdf-iwt-content\" >\n\t    \t\t    <\/div>\n<\/div>[\/vc_column][vc_column width=\u00a0\u00bb1\/2&Prime;][vc_empty_space][vc_empty_space][vc_empty_space][vc_empty_space][vc_empty_space][vc_column_text]<\/p>\n<h2 style=\"text-align: center;\"><span style=\"color: #ffe651;\">STUDIO LO DESIGN votre <\/span><\/h2>\n<h1 style=\"text-align: center;\"><span style=\"color: #ffe651;\">sp\u00e9cialiste en am\u00e9nagement &amp; mobilier pour les professionnels &amp; les entreprises <\/span><\/h1>\n<h2 style=\"text-align: center;\"><span style=\"color: #ffe651;\">sur Angers, La Fl\u00e8che &amp; Montpellier<\/span><\/h2>\n<p>[\/vc_column_text][vc_empty_space][vc_empty_space][vc_empty_space][vc_empty_space][vc_empty_space][vc_empty_space][vc_column_text]<\/p>\n<h4>Notre cr\u00e9ativit\u00e9 &amp; notre savoir-faire de designer d&rsquo;espace nous permet de repenser l&rsquo;am\u00e9nagement de votre environnement de travail afin de booster vos performances collaboratives &amp; d&rsquo;optimiser la satisfaction de votre client\u00e8le.<\/h4>\n<h4>Convaincus que l&rsquo;ergonomie est l&rsquo;une des clefs pour favoriser le bien-\u00eatre, la qualit\u00e9 &amp; la performance au travail, nous cr\u00e9erons ensemble un univers de travail fonctionnel &amp; bienveillant !<\/h4>\n<p>[\/vc_column_text][vc_empty_space][vc_column_text]<\/p>\n<h4>Travailler sur le r\u00e9agencement de vos bureaux doit \u00eatre synonyme d&rsquo;\u00e9change, de partage &amp; de fusion entre les diff\u00e9rents membres de vos \u00e9quipes !<\/h4>\n<h4>Afin d&rsquo;identifier les besoins de chacun &amp; de vous proposer des solutions innovantes adapt\u00e9es, nous serons \u00e0 l&rsquo;\u00e9coute de chacun.<\/h4>\n<p>[\/vc_column_text][vc_empty_space][vc_column_text]<\/p>\n<h4>Sp\u00e9cialis\u00e9 dans le design d&rsquo;espace &amp; la conception de mobilier, notre expertise vous offre un accompagnement de A \u00e0 Z :<\/h4>\n<h4>&#8211; la d\u00e9finition compl\u00e8te de votre projet : en cr\u00e9ation ou r\u00e9novation de l&rsquo;existant, accueil, bureau priv\u00e9, espace participatif, conception d&rsquo;un environnement propice \u00e0 la productivit\u00e9 &amp; au bien-\u00eatre de vos employ\u00e9s<\/h4>\n<h4>&#8211; l&rsquo;am\u00e9nagement complet d&rsquo;\u00e9tablissements recevant du public (ERP) : fourniture de mobilier sur-mesure, sp\u00e9cifique ou standard selon vos besoins<\/h4>\n<h4>&#8211; la gestion des d\u00e9marches administratives<\/h4>\n<h4>&#8211; la mise aux normes d&rsquo;\u00e9tablissements recevant du public (ERP)<\/h4>\n<h4>&#8211; le choix des artisans les plus qualifi\u00e9s pour travailler sur votre projet &amp; la ma\u00eetrise d&rsquo;oeuvre afin de veiller \u00e0 la bonne r\u00e9alisation de l&rsquo;ensemble<\/h4>\n<p><!-- Google Tag Manager (noscript) --><br \/>\n<noscript><iframe loading=\"lazy\" src=\"https:\/\/www.googletagmanager.com\/ns.html?id=GTM-KFV7WDQS\" height=\"0\" width=\"0\" style=\"display:none;visibility:hidden\"><\/iframe><\/noscript><br \/>\n<!-- End Google Tag Manager (noscript) -->[\/vc_column_text][vc_empty_space][vc_empty_space][vc_empty_space][\/vc_column][\/vc_row][vc_row row_type=\u00a0\u00bbparallax\u00a0\u00bb full_screen_section_height=\u00a0\u00bbno\u00a0\u00bb css=\u00a0\u00bb.vc_custom_1772974273507{background-position: center !important;background-repeat: no-repeat !important;background-size: cover !important;}\u00a0\u00bb parallax_background_image=\u00a0\u00bb10095&Prime;][vc_column][vc_empty_space height=\u00a0\u00bb100&Prime;][\/vc_column][\/vc_row][vc_row css=\u00a0\u00bb.vc_custom_1740150148535{background-color: #727667 !important;}\u00a0\u00bb][vc_column][\/vc_column][\/vc_row][vc_row][vc_column][vc_raw_html]JTNDYXVkaW8lMjBpZCUzRCUyMmJ1cmVhdS1zb3VuZCUyMiUyMGF1dG9wbGF5JTIwbG9vcCUzRSUwQSUyMCUyMCUzQ3NvdXJjZSUyMHNyYyUzRCUyMmh0dHBzJTNBJTJGJTJGc3R1ZGlvLWxvLWRlc2lnbi5jb20lMkZ3cC1jb250ZW50JTJGdXBsb2FkcyUyRjIwMjYlMkYwMyUyRkVTX0FtYmllbmNlLU9mZmljZS1EZXNpZ25lZC1CdXN5LU9mZmljZS1FcGlkZW1pYy1Tb3VuZC5tcDMlMjIlMjB0eXBlJTNEJTIyYXVkaW8lMkZtcGVnJTIyJTNFJTBBJTIwJTIwVm90cmUlMjBuYXZpZ2F0ZXVyJTIwbmUlMjBzdXBwb3J0ZSUyMHBhcyUyMGwlRTIlODAlOTlhdWRpby4lMEElM0MlMkZhdWRpbyUzRQ==[\/vc_raw_html][\/vc_column][\/vc_row]<\/p>\n","protected":false},"excerpt":{"rendered":"<p>[vc_row row_type=\u00a0\u00bbparallax\u00a0\u00bb full_screen_section_height=\u00a0\u00bbno\u00a0\u00bb css=\u00a0\u00bb.vc_custom_1772974273507{background-position: center !important;background-repeat: no-repeat !important;background-size: cover !important;}\u00a0\u00bb parallax_background_image=\u00a0\u00bb10095&Prime;][vc_column][vc_empty_space height=\u00a0\u00bb100&Prime;][\/vc_column][\/vc_row][vc_row row_content_width=\u00a0\u00bbgrid\u00a0\u00bb][vc_column width=\u00a0\u00bb1\/2&Prime;][vc_empty_space][vc_empty_space][vc_empty_space][vc_empty_space][vc_column_text] PROFESSIONNELS &amp; ENTREPRISES [\/vc_column_text][vc_empty_space][vc_empty_space][vc_column_text] Vous poss\u00e9dez une boutique &amp; vous ne savez pas comment optimiser votre surface de vente ? Votre salon de coiffure n&rsquo;a pas chang\u00e9 de style depuis les [&hellip;]<\/p>\n","protected":false},"author":1,"featured_media":9573,"parent":0,"menu_order":0,"comment_status":"closed","ping_status":"closed","template":"full-width.php","meta":{"footnotes":""},"class_list":["post-9450","page","type-page","status-publish","has-post-thumbnail","hentry"],"yoast_head":"<!-- This site is optimized with the Yoast SEO plugin v27.4 - https:\/\/yoast.com\/product\/yoast-seo-wordpress\/ -->\n<title>STUDIO LO DESIGN agencement &amp; mobilier pour les entreprises sur Marseille<\/title>\n<meta name=\"description\" content=\"Pour am\u00e9nager vos bureaux ou votre entreprise, faites appel \u00e0 STUDIO LO DESIGN designer d&#039;espace, agencement &amp; fournisseur de mobilier pour les entreprises sur Marseille, Le Mans &amp; Angers.\" \/>\n<meta name=\"robots\" content=\"index, follow, max-snippet:-1, max-image-preview:large, max-video-preview:-1\" \/>\n<link rel=\"canonical\" href=\"https:\/\/studio-lo-design.com\/?page_id=9450\" \/>\n<meta property=\"og:locale\" content=\"fr_FR\" \/>\n<meta property=\"og:type\" content=\"article\" \/>\n<meta property=\"og:title\" content=\"STUDIO LO DESIGN agencement &amp; mobilier pour les entreprises sur Marseille\" \/>\n<meta property=\"og:description\" content=\"Pour am\u00e9nager vos bureaux ou votre entreprise, faites appel \u00e0 STUDIO LO DESIGN designer d&#039;espace, agencement &amp; fournisseur de mobilier pour les entreprises sur Marseille, Le Mans &amp; Angers.\" \/>\n<meta property=\"og:url\" content=\"https:\/\/studio-lo-design.com\/?page_id=9450\" \/>\n<meta property=\"og:site_name\" content=\"STUDIO LO DESIGN Architecte d&#039;int\u00e9rieur sur Angers, Le Mans &amp; Marseille\" \/>\n<meta property=\"article:publisher\" content=\"https:\/\/www.facebook.com\/profile.php?id=100088068041508\" \/>\n<meta property=\"article:modified_time\" content=\"2026-03-08T16:05:21+00:00\" \/>\n<meta property=\"og:image\" content=\"https:\/\/studio-lo-design.com\/wp-content\/uploads\/2025\/02\/BUREAUX-GOOGLE-NEW-YORK.jpg\" \/>\n\t<meta property=\"og:image:width\" content=\"690\" \/>\n\t<meta property=\"og:image:height\" content=\"442\" \/>\n\t<meta property=\"og:image:type\" content=\"image\/jpeg\" \/>\n<meta name=\"twitter:card\" content=\"summary_large_image\" \/>\n<meta name=\"twitter:label1\" content=\"Dur\u00e9e de lecture estim\u00e9e\" \/>\n\t<meta name=\"twitter:data1\" content=\"3 minutes\" \/>\n<script type=\"application\/ld+json\" class=\"yoast-schema-graph\">{\"@context\":\"https:\\\/\\\/schema.org\",\"@graph\":[{\"@type\":\"WebPage\",\"@id\":\"https:\\\/\\\/studio-lo-design.com\\\/?page_id=9450\",\"url\":\"https:\\\/\\\/studio-lo-design.com\\\/?page_id=9450\",\"name\":\"STUDIO LO DESIGN agencement & mobilier pour les entreprises sur Marseille\",\"isPartOf\":{\"@id\":\"https:\\\/\\\/studio-lo-design.com\\\/#website\"},\"primaryImageOfPage\":{\"@id\":\"https:\\\/\\\/studio-lo-design.com\\\/?page_id=9450#primaryimage\"},\"image\":{\"@id\":\"https:\\\/\\\/studio-lo-design.com\\\/?page_id=9450#primaryimage\"},\"thumbnailUrl\":\"https:\\\/\\\/studio-lo-design.com\\\/wp-content\\\/uploads\\\/2025\\\/02\\\/BUREAUX-GOOGLE-NEW-YORK.jpg\",\"datePublished\":\"2025-02-18T17:23:17+00:00\",\"dateModified\":\"2026-03-08T16:05:21+00:00\",\"description\":\"Pour am\u00e9nager vos bureaux ou votre entreprise, faites appel \u00e0 STUDIO LO DESIGN designer d'espace, agencement & fournisseur de mobilier pour les entreprises sur Marseille, Le Mans & Angers.\",\"breadcrumb\":{\"@id\":\"https:\\\/\\\/studio-lo-design.com\\\/?page_id=9450#breadcrumb\"},\"inLanguage\":\"fr-FR\",\"potentialAction\":[{\"@type\":\"ReadAction\",\"target\":[\"https:\\\/\\\/studio-lo-design.com\\\/?page_id=9450\"]}]},{\"@type\":\"ImageObject\",\"inLanguage\":\"fr-FR\",\"@id\":\"https:\\\/\\\/studio-lo-design.com\\\/?page_id=9450#primaryimage\",\"url\":\"https:\\\/\\\/studio-lo-design.com\\\/wp-content\\\/uploads\\\/2025\\\/02\\\/BUREAUX-GOOGLE-NEW-YORK.jpg\",\"contentUrl\":\"https:\\\/\\\/studio-lo-design.com\\\/wp-content\\\/uploads\\\/2025\\\/02\\\/BUREAUX-GOOGLE-NEW-YORK.jpg\",\"width\":690,\"height\":442,\"caption\":\"agencement & mobilier pour les entreprises sur Montpellier\"},{\"@type\":\"BreadcrumbList\",\"@id\":\"https:\\\/\\\/studio-lo-design.com\\\/?page_id=9450#breadcrumb\",\"itemListElement\":[{\"@type\":\"ListItem\",\"position\":1,\"name\":\"Accueil\",\"item\":\"https:\\\/\\\/studio-lo-design.com\\\/\"},{\"@type\":\"ListItem\",\"position\":2,\"name\":\"COLLABORATIVE SPACES\"}]},{\"@type\":\"WebSite\",\"@id\":\"https:\\\/\\\/studio-lo-design.com\\\/#website\",\"url\":\"https:\\\/\\\/studio-lo-design.com\\\/\",\"name\":\"STUDIO LO DESIGN Architecte d&#039;int\u00e9rieur sur Angers, Le Mans &amp; Marseille\",\"description\":\"STUDIO LO DESIGN est une agence d&#039;architecture \u00e9co-sensible sur Angers, Le Mans &amp; Marseille\",\"publisher\":{\"@id\":\"https:\\\/\\\/studio-lo-design.com\\\/#organization\"},\"potentialAction\":[{\"@type\":\"SearchAction\",\"target\":{\"@type\":\"EntryPoint\",\"urlTemplate\":\"https:\\\/\\\/studio-lo-design.com\\\/?s={search_term_string}\"},\"query-input\":{\"@type\":\"PropertyValueSpecification\",\"valueRequired\":true,\"valueName\":\"search_term_string\"}}],\"inLanguage\":\"fr-FR\"},{\"@type\":\"Organization\",\"@id\":\"https:\\\/\\\/studio-lo-design.com\\\/#organization\",\"name\":\"STUDIO LO DESIGN Architecte d&#039;int\u00e9rieur sur Angers, Le Mans &amp; Marseille\",\"url\":\"https:\\\/\\\/studio-lo-design.com\\\/\",\"logo\":{\"@type\":\"ImageObject\",\"inLanguage\":\"fr-FR\",\"@id\":\"https:\\\/\\\/studio-lo-design.com\\\/#\\\/schema\\\/logo\\\/image\\\/\",\"url\":\"https:\\\/\\\/studio-lo-design.com\\\/wp-content\\\/uploads\\\/2023\\\/06\\\/Original-Logo-Copie-1.png\",\"contentUrl\":\"https:\\\/\\\/studio-lo-design.com\\\/wp-content\\\/uploads\\\/2023\\\/06\\\/Original-Logo-Copie-1.png\",\"width\":800,\"height\":782,\"caption\":\"STUDIO LO DESIGN Architecte d&#039;int\u00e9rieur sur Angers, Le Mans &amp; Marseille\"},\"image\":{\"@id\":\"https:\\\/\\\/studio-lo-design.com\\\/#\\\/schema\\\/logo\\\/image\\\/\"},\"sameAs\":[\"https:\\\/\\\/www.facebook.com\\\/profile.php?id=100088068041508\",\"https:\\\/\\\/www.linkedin.com\\\/company\\\/91487379\\\/admin\\\/feed\\\/posts\\\/\",\"https:\\\/\\\/www.instagram.com\\\/studio.lo.design\\\/\"]}]}<\/script>\n<!-- \/ Yoast SEO plugin. -->","yoast_head_json":{"title":"STUDIO LO DESIGN agencement & mobilier pour les entreprises sur Marseille","description":"Pour am\u00e9nager vos bureaux ou votre entreprise, faites appel \u00e0 STUDIO LO DESIGN designer d'espace, agencement & fournisseur de mobilier pour les entreprises sur Marseille, Le Mans & Angers.","robots":{"index":"index","follow":"follow","max-snippet":"max-snippet:-1","max-image-preview":"max-image-preview:large","max-video-preview":"max-video-preview:-1"},"canonical":"https:\/\/studio-lo-design.com\/?page_id=9450","og_locale":"fr_FR","og_type":"article","og_title":"STUDIO LO DESIGN agencement & mobilier pour les entreprises sur Marseille","og_description":"Pour am\u00e9nager vos bureaux ou votre entreprise, faites appel \u00e0 STUDIO LO DESIGN designer d'espace, agencement & fournisseur de mobilier pour les entreprises sur Marseille, Le Mans & Angers.","og_url":"https:\/\/studio-lo-design.com\/?page_id=9450","og_site_name":"STUDIO LO DESIGN Architecte d&#039;int\u00e9rieur sur Angers, Le Mans &amp; Marseille","article_publisher":"https:\/\/www.facebook.com\/profile.php?id=100088068041508","article_modified_time":"2026-03-08T16:05:21+00:00","og_image":[{"width":690,"height":442,"url":"https:\/\/studio-lo-design.com\/wp-content\/uploads\/2025\/02\/BUREAUX-GOOGLE-NEW-YORK.jpg","type":"image\/jpeg"}],"twitter_card":"summary_large_image","twitter_misc":{"Dur\u00e9e de lecture estim\u00e9e":"3 minutes"},"schema":{"@context":"https:\/\/schema.org","@graph":[{"@type":"WebPage","@id":"https:\/\/studio-lo-design.com\/?page_id=9450","url":"https:\/\/studio-lo-design.com\/?page_id=9450","name":"STUDIO LO DESIGN agencement & mobilier pour les entreprises sur Marseille","isPartOf":{"@id":"https:\/\/studio-lo-design.com\/#website"},"primaryImageOfPage":{"@id":"https:\/\/studio-lo-design.com\/?page_id=9450#primaryimage"},"image":{"@id":"https:\/\/studio-lo-design.com\/?page_id=9450#primaryimage"},"thumbnailUrl":"https:\/\/studio-lo-design.com\/wp-content\/uploads\/2025\/02\/BUREAUX-GOOGLE-NEW-YORK.jpg","datePublished":"2025-02-18T17:23:17+00:00","dateModified":"2026-03-08T16:05:21+00:00","description":"Pour am\u00e9nager vos bureaux ou votre entreprise, faites appel \u00e0 STUDIO LO DESIGN designer d'espace, agencement & fournisseur de mobilier pour les entreprises sur Marseille, Le Mans & Angers.","breadcrumb":{"@id":"https:\/\/studio-lo-design.com\/?page_id=9450#breadcrumb"},"inLanguage":"fr-FR","potentialAction":[{"@type":"ReadAction","target":["https:\/\/studio-lo-design.com\/?page_id=9450"]}]},{"@type":"ImageObject","inLanguage":"fr-FR","@id":"https:\/\/studio-lo-design.com\/?page_id=9450#primaryimage","url":"https:\/\/studio-lo-design.com\/wp-content\/uploads\/2025\/02\/BUREAUX-GOOGLE-NEW-YORK.jpg","contentUrl":"https:\/\/studio-lo-design.com\/wp-content\/uploads\/2025\/02\/BUREAUX-GOOGLE-NEW-YORK.jpg","width":690,"height":442,"caption":"agencement & mobilier pour les entreprises sur Montpellier"},{"@type":"BreadcrumbList","@id":"https:\/\/studio-lo-design.com\/?page_id=9450#breadcrumb","itemListElement":[{"@type":"ListItem","position":1,"name":"Accueil","item":"https:\/\/studio-lo-design.com\/"},{"@type":"ListItem","position":2,"name":"COLLABORATIVE SPACES"}]},{"@type":"WebSite","@id":"https:\/\/studio-lo-design.com\/#website","url":"https:\/\/studio-lo-design.com\/","name":"STUDIO LO DESIGN Architecte d&#039;int\u00e9rieur sur Angers, Le Mans &amp; Marseille","description":"STUDIO LO DESIGN est une agence d&#039;architecture \u00e9co-sensible sur Angers, Le Mans &amp; Marseille","publisher":{"@id":"https:\/\/studio-lo-design.com\/#organization"},"potentialAction":[{"@type":"SearchAction","target":{"@type":"EntryPoint","urlTemplate":"https:\/\/studio-lo-design.com\/?s={search_term_string}"},"query-input":{"@type":"PropertyValueSpecification","valueRequired":true,"valueName":"search_term_string"}}],"inLanguage":"fr-FR"},{"@type":"Organization","@id":"https:\/\/studio-lo-design.com\/#organization","name":"STUDIO LO DESIGN Architecte d&#039;int\u00e9rieur sur Angers, Le Mans &amp; Marseille","url":"https:\/\/studio-lo-design.com\/","logo":{"@type":"ImageObject","inLanguage":"fr-FR","@id":"https:\/\/studio-lo-design.com\/#\/schema\/logo\/image\/","url":"https:\/\/studio-lo-design.com\/wp-content\/uploads\/2023\/06\/Original-Logo-Copie-1.png","contentUrl":"https:\/\/studio-lo-design.com\/wp-content\/uploads\/2023\/06\/Original-Logo-Copie-1.png","width":800,"height":782,"caption":"STUDIO LO DESIGN Architecte d&#039;int\u00e9rieur sur Angers, Le Mans &amp; Marseille"},"image":{"@id":"https:\/\/studio-lo-design.com\/#\/schema\/logo\/image\/"},"sameAs":["https:\/\/www.facebook.com\/profile.php?id=100088068041508","https:\/\/www.linkedin.com\/company\/91487379\/admin\/feed\/posts\/","https:\/\/www.instagram.com\/studio.lo.design\/"]}]}},"jetpack_sharing_enabled":true,"_links":{"self":[{"href":"https:\/\/studio-lo-design.com\/index.php?rest_route=\/wp\/v2\/pages\/9450","targetHints":{"allow":["GET"]}}],"collection":[{"href":"https:\/\/studio-lo-design.com\/index.php?rest_route=\/wp\/v2\/pages"}],"about":[{"href":"https:\/\/studio-lo-design.com\/index.php?rest_route=\/wp\/v2\/types\/page"}],"author":[{"embeddable":true,"href":"https:\/\/studio-lo-design.com\/index.php?rest_route=\/wp\/v2\/users\/1"}],"replies":[{"embeddable":true,"href":"https:\/\/studio-lo-design.com\/index.php?rest_route=%2Fwp%2Fv2%2Fcomments&post=9450"}],"version-history":[{"count":30,"href":"https:\/\/studio-lo-design.com\/index.php?rest_route=\/wp\/v2\/pages\/9450\/revisions"}],"predecessor-version":[{"id":9574,"href":"https:\/\/studio-lo-design.com\/index.php?rest_route=\/wp\/v2\/pages\/9450\/revisions\/9574"}],"wp:featuredmedia":[{"embeddable":true,"href":"https:\/\/studio-lo-design.com\/index.php?rest_route=\/wp\/v2\/media\/9573"}],"wp:attachment":[{"href":"https:\/\/studio-lo-design.com\/index.php?rest_route=%2Fwp%2Fv2%2Fmedia&parent=9450"}],"curies":[{"name":"wp","href":"https:\/\/api.w.org\/{rel}","templated":true}]}}