{"id":9449,"date":"2025-02-18T18:23:17","date_gmt":"2025-02-18T17:23:17","guid":{"rendered":"https:\/\/studio-lo-design.com\/?page_id=9449"},"modified":"2026-03-08T17:02:15","modified_gmt":"2026-03-08T16:02:15","slug":"agencement-mobilier-chr-marseille","status":"publish","type":"page","link":"https:\/\/studio-lo-design.com\/?page_id=9449","title":{"rendered":"CHR"},"content":{"rendered":"<p>[vc_row row_type=\u00a0\u00bbparallax\u00a0\u00bb full_screen_section_height=\u00a0\u00bbno\u00a0\u00bb css=\u00a0\u00bb.vc_custom_1772973578403{background-position: center !important;background-repeat: no-repeat !important;background-size: cover !important;}\u00a0\u00bb parallax_background_image=\u00a0\u00bb10095&Prime;][vc_column][vc_empty_space height=\u00a0\u00bb100&Prime;][\/vc_column][\/vc_row][vc_row row_content_width=\u00a0\u00bbgrid\u00a0\u00bb][vc_column width=\u00a0\u00bb1\/2&Prime;][vc_empty_space][vc_empty_space][vc_empty_space][vc_empty_space][vc_column_text]<!-- Google Tag Manager --><br \/>\n<script>(function(w,d,s,l,i){w[l]=w[l]||[];w[l].push({'gtm.start':\nnew Date().getTime(),event:'gtm.js'});var f=d.getElementsByTagName(s)[0],\nj=d.createElement(s),dl=l!='dataLayer'?'&l='+l:'';j.async=true;j.src=\n'https:\/\/www.googletagmanager.com\/gtm.js?id='+i+dl;f.parentNode.insertBefore(j,f);\n})(window,document,'script','dataLayer','GTM-KFV7WDQS');<\/script><br \/>\n<!-- End Google Tag Manager --><\/p>\n<h2 style=\"text-align: center;\"><span style=\"color: #ffe651;\">PROFESSIONNELS DU CHR<\/span><\/h2>\n<p>[\/vc_column_text][vc_empty_space][vc_empty_space][vc_column_text]<\/p>\n<h4>Vous poss\u00e9dez un bar, un h\u00f4tel, un restaurant&#8230; vous vous lancez le d\u00e9fi d&rsquo;un nouveau projet ?<\/h4>\n<h4>Vous souhaitez donner une identit\u00e9 \u00e0 votre \u00e9tablissement pour vous d\u00e9marquer de la concurrence ?<\/h4>\n<h4>Cr\u00e9er une ambiance qui vous ressemble &amp; faire vivre une exp\u00e9rience unique \u00e0 vos clients ?<\/h4>\n<h4>Ou tout simplement renouveler votre mobilier parce que vous ne supportez plus les plateaux stratifi\u00e9s avec le d\u00e9cors faux bois d\u00e9lav\u00e9 rouge choisi par votre pr\u00e9d\u00e9cesseur ?<\/h4>\n<h4><strong>STUDIO LO DESIGN<\/strong> est l\u00e0 pour vous aider \u00e0 pepser tout \u00e7a !<\/h4>\n<p>[\/vc_column_text][\/vc_column][vc_column width=\u00a0\u00bb1\/2&Prime;][vc_empty_space][vc_empty_space][vc_empty_space][vc_empty_space][vc_empty_space][vc_empty_space][vc_empty_space][vc_empty_space][vc_empty_space][vc_empty_space][vc_empty_space height=\u00a0\u00bb15px\u00a0\u00bb]<div class=\"eltdf-iwt clearfix eltdf-iwt-icon-top eltdf-iwt-icon-tiny\">\n    <div class=\"eltdf-iwt-icon\">\n                                    <img loading=\"lazy\" decoding=\"async\" width=\"1300\" height=\"979\" src=\"https:\/\/studio-lo-design.com\/wp-content\/uploads\/2023\/05\/list13-darken.jpg\" class=\"attachment-full size-full\" alt=\"mobilier CHR sur Montpellier\" srcset=\"https:\/\/studio-lo-design.com\/wp-content\/uploads\/2023\/05\/list13-darken.jpg 1300w, https:\/\/studio-lo-design.com\/wp-content\/uploads\/2023\/05\/list13-darken-300x226.jpg 300w, https:\/\/studio-lo-design.com\/wp-content\/uploads\/2023\/05\/list13-darken-1024x771.jpg 1024w, https:\/\/studio-lo-design.com\/wp-content\/uploads\/2023\/05\/list13-darken-768x578.jpg 768w, https:\/\/studio-lo-design.com\/wp-content\/uploads\/2023\/05\/list13-darken-600x452.jpg 600w\" sizes=\"auto, (max-width: 1300px) 100vw, 1300px\" \/>                        <\/div>\n    <div class=\"eltdf-iwt-content\" >\n\t    \t\t    <\/div>\n<\/div>[\/vc_column][\/vc_row][vc_row row_content_width=\u00a0\u00bbgrid\u00a0\u00bb][vc_column width=\u00a0\u00bb1\/2&Prime;][vc_empty_space][vc_empty_space][vc_empty_space][vc_empty_space][vc_empty_space][vc_empty_space][vc_empty_space][vc_empty_space][vc_empty_space][vc_empty_space][vc_empty_space][vc_empty_space][vc_empty_space][vc_empty_space][vc_empty_space][vc_empty_space][vc_empty_space][vc_empty_space][vc_empty_space][vc_empty_space][vc_empty_space][vc_empty_space][vc_empty_space][vc_empty_space][vc_empty_space][vc_empty_space][vc_empty_space][vc_empty_space][vc_empty_space][vc_empty_space][vc_empty_space]<div class=\"eltdf-iwt clearfix eltdf-iwt-icon-top eltdf-iwt-icon-tiny\">\n    <div class=\"eltdf-iwt-icon\">\n                                    <img loading=\"lazy\" decoding=\"async\" width=\"780\" height=\"853\" src=\"https:\/\/studio-lo-design.com\/wp-content\/uploads\/2025\/02\/list5-darken.jpg\" class=\"attachment-full size-full\" alt=\"\" srcset=\"https:\/\/studio-lo-design.com\/wp-content\/uploads\/2025\/02\/list5-darken.jpg 780w, https:\/\/studio-lo-design.com\/wp-content\/uploads\/2025\/02\/list5-darken-274x300.jpg 274w, https:\/\/studio-lo-design.com\/wp-content\/uploads\/2025\/02\/list5-darken-768x840.jpg 768w\" sizes=\"auto, (max-width: 780px) 100vw, 780px\" \/>                        <\/div>\n    <div class=\"eltdf-iwt-content\" >\n\t    \t\t    <\/div>\n<\/div>[\/vc_column][vc_column width=\u00a0\u00bb1\/2&Prime;][vc_empty_space][vc_empty_space][vc_empty_space][vc_empty_space][vc_empty_space][vc_column_text]<\/p>\n<h2 style=\"text-align: center;\"><span style=\"color: #ffe651;\">STUDIO LO DESIGN votre <\/span><\/h2>\n<h1 style=\"text-align: center;\"><span style=\"color: #ffe651;\">designer d&rsquo;espace sp\u00e9cialis\u00e9 pour les professionnels du CHR<\/span><\/h1>\n<h2 style=\"text-align: center;\"><span style=\"color: #ffe651;\">sur Angers, Le Mans &amp; Marseille<\/span><\/h2>\n<p>[\/vc_column_text][vc_empty_space][vc_empty_space][vc_empty_space][vc_column_text]<\/p>\n<h4>Notre approche globale &amp; immersive du m\u00e9tier d&rsquo;architecte d&rsquo;int\u00e9rieur nous permet de concevoir l&rsquo;identit\u00e9 de votre \u00e9tablissement &amp; de proposer une exp\u00e9rience unique \u00e0 votre client\u00e8le.<\/h4>\n<p>[\/vc_column_text][vc_empty_space][vc_column_text]<\/p>\n<h4>Tout commence par une rencontre humaine, vous me parlez de vos envies, j&rsquo;identifie vos besoins &amp; ceux de vos clients, afin de vous pr\u00e9coniser un concept pens\u00e9 pour vous !<\/h4>\n<p>[\/vc_column_text][vc_empty_space][vc_column_text]<\/p>\n<h4>Sp\u00e9cialis\u00e9 dans le design d&rsquo;espace &amp; la conception de mobilier, notre expertise vous offre un accompagnement de A \u00e0 Z :<\/h4>\n<h4>&#8211; la d\u00e9finition compl\u00e8te de votre projet : en cr\u00e9ation ou r\u00e9novation de l&rsquo;existant, conception d&rsquo;une identit\u00e9 visuelle ou d&rsquo;un concept unique adapt\u00e9 \u00e0 vos besoins &amp; \u00e0 vos envies<\/h4>\n<h4>&#8211; l&rsquo;am\u00e9nagement complet d&rsquo;\u00e9tablissements recevant du public (ERP) : fourniture de mobilier sur-mesure, sp\u00e9cifique ou standard selon vos besoins<\/h4>\n<h4>&#8211; la gestion des d\u00e9marches administratives<\/h4>\n<h4>&#8211; la mise aux normes d&rsquo;\u00e9tablissements recevant du public (ERP)<\/h4>\n<h4>&#8211; le choix des artisans les plus qualifi\u00e9s pour travailler sur votre projet &amp; la ma\u00eetrise d&rsquo;oeuvre afin de veiller \u00e0 la bonne r\u00e9alisation de l&rsquo;ensemble<\/h4>\n<p>[\/vc_column_text][vc_empty_space][vc_empty_space][vc_empty_space][\/vc_column][\/vc_row][vc_row row_type=\u00a0\u00bbparallax\u00a0\u00bb full_screen_section_height=\u00a0\u00bbno\u00a0\u00bb css=\u00a0\u00bb.vc_custom_1772973578403{background-position: center !important;background-repeat: no-repeat !important;background-size: cover !important;}\u00a0\u00bb parallax_background_image=\u00a0\u00bb10095&Prime;][vc_column][vc_empty_space height=\u00a0\u00bb100&Prime;][\/vc_column][\/vc_row][vc_row css=\u00a0\u00bb.vc_custom_1740150155640{background-color: #727667 !important;}\u00a0\u00bb][vc_column][\/vc_column][\/vc_row][vc_row][vc_column][vc_raw_html]JTNDYXVkaW8lMjBpZCUzRCUyMmNoci1zb3VuZCUyMiUyMGF1dG9wbGF5JTIwbG9vcCUzRSUwQSUyMCUyMCUzQ3NvdXJjZSUyMHNyYyUzRCUyMmh0dHBzJTNBJTJGJTJGc3R1ZGlvLWxvLWRlc2lnbi5jb20lMkZ3cC1jb250ZW50JTJGdXBsb2FkcyUyRjIwMjYlMkYwMyUyRkVTX0FtYmllbmNlLVJlc3RhdXJhbnQtQmFyLU1lZGl1bS1Dcm93ZC1DdXRsZXJ5LU11c2ljLTAxLUVwaWRlbWljLVNvdW5kLm1wMyUyMiUyMHR5cGUlM0QlMjJhdWRpbyUyRm1wZWclMjIlM0UlMEElMjAlMjBWb3RyZSUyMG5hdmlnYXRldXIlMjBuZSUyMHN1cHBvcnRlJTIwcGFzJTIwbCVFMiU4MCU5OWF1ZGlvLiUwQSUzQyUyRmF1ZGlvJTNF[\/vc_raw_html][\/vc_column][\/vc_row]<\/p>\n","protected":false},"excerpt":{"rendered":"<p>[vc_row row_type=\u00a0\u00bbparallax\u00a0\u00bb full_screen_section_height=\u00a0\u00bbno\u00a0\u00bb css=\u00a0\u00bb.vc_custom_1772973578403{background-position: center !important;background-repeat: no-repeat !important;background-size: cover !important;}\u00a0\u00bb parallax_background_image=\u00a0\u00bb10095&Prime;][vc_column][vc_empty_space height=\u00a0\u00bb100&Prime;][\/vc_column][\/vc_row][vc_row row_content_width=\u00a0\u00bbgrid\u00a0\u00bb][vc_column width=\u00a0\u00bb1\/2&Prime;][vc_empty_space][vc_empty_space][vc_empty_space][vc_empty_space][vc_column_text] PROFESSIONNELS DU CHR [\/vc_column_text][vc_empty_space][vc_empty_space][vc_column_text] Vous poss\u00e9dez un bar, un h\u00f4tel, un restaurant&#8230; vous vous lancez le d\u00e9fi d&rsquo;un nouveau projet ? Vous souhaitez donner une identit\u00e9 \u00e0 votre \u00e9tablissement pour vous [&hellip;]<\/p>\n","protected":false},"author":1,"featured_media":9249,"parent":0,"menu_order":0,"comment_status":"closed","ping_status":"closed","template":"full-width.php","meta":{"footnotes":""},"class_list":["post-9449","page","type-page","status-publish","has-post-thumbnail","hentry"],"yoast_head":"<!-- This site is optimized with the Yoast SEO plugin v27.4 - https:\/\/yoast.com\/product\/yoast-seo-wordpress\/ -->\n<title>STUDIO LO DESIGN agencement &amp; mobilier CHR sur Marseille<\/title>\n<meta name=\"description\" content=\"Pour \u00e9quiper votre \u00e9tablissement faites appel \u00e0 STUDIO LO DESIGN designer d&#039;espace, agencement &amp; fournisseur de mobilier pour les professionnels du CHR sur Marseille &amp; Angers.\" \/>\n<meta name=\"robots\" content=\"index, follow, max-snippet:-1, max-image-preview:large, max-video-preview:-1\" \/>\n<link rel=\"canonical\" href=\"https:\/\/studio-lo-design.com\/?page_id=9449\" \/>\n<meta property=\"og:locale\" content=\"fr_FR\" \/>\n<meta property=\"og:type\" content=\"article\" \/>\n<meta property=\"og:title\" content=\"STUDIO LO DESIGN agencement &amp; mobilier CHR sur Marseille\" \/>\n<meta property=\"og:description\" content=\"Pour \u00e9quiper votre \u00e9tablissement faites appel \u00e0 STUDIO LO DESIGN designer d&#039;espace, agencement &amp; fournisseur de mobilier pour les professionnels du CHR sur Marseille &amp; Angers.\" \/>\n<meta property=\"og:url\" content=\"https:\/\/studio-lo-design.com\/?page_id=9449\" \/>\n<meta property=\"og:site_name\" content=\"STUDIO LO DESIGN Architecte d&#039;int\u00e9rieur sur Angers, Le Mans &amp; Marseille\" \/>\n<meta property=\"article:publisher\" content=\"https:\/\/www.facebook.com\/profile.php?id=100088068041508\" \/>\n<meta property=\"article:modified_time\" content=\"2026-03-08T16:02:15+00:00\" \/>\n<meta property=\"og:image\" content=\"https:\/\/studio-lo-design.com\/wp-content\/uploads\/2024\/06\/IMG_0516.jpg\" \/>\n\t<meta property=\"og:image:width\" content=\"740\" \/>\n\t<meta property=\"og:image:height\" content=\"415\" \/>\n\t<meta property=\"og:image:type\" content=\"image\/jpeg\" \/>\n<meta name=\"twitter:card\" content=\"summary_large_image\" \/>\n<meta name=\"twitter:label1\" content=\"Dur\u00e9e de lecture estim\u00e9e\" \/>\n\t<meta name=\"twitter:data1\" content=\"3 minutes\" \/>\n<script type=\"application\/ld+json\" class=\"yoast-schema-graph\">{\"@context\":\"https:\\\/\\\/schema.org\",\"@graph\":[{\"@type\":\"WebPage\",\"@id\":\"https:\\\/\\\/studio-lo-design.com\\\/?page_id=9449\",\"url\":\"https:\\\/\\\/studio-lo-design.com\\\/?page_id=9449\",\"name\":\"STUDIO LO DESIGN agencement & mobilier CHR sur Marseille\",\"isPartOf\":{\"@id\":\"https:\\\/\\\/studio-lo-design.com\\\/#website\"},\"primaryImageOfPage\":{\"@id\":\"https:\\\/\\\/studio-lo-design.com\\\/?page_id=9449#primaryimage\"},\"image\":{\"@id\":\"https:\\\/\\\/studio-lo-design.com\\\/?page_id=9449#primaryimage\"},\"thumbnailUrl\":\"https:\\\/\\\/studio-lo-design.com\\\/wp-content\\\/uploads\\\/2024\\\/06\\\/IMG_0516.jpg\",\"datePublished\":\"2025-02-18T17:23:17+00:00\",\"dateModified\":\"2026-03-08T16:02:15+00:00\",\"description\":\"Pour \u00e9quiper votre \u00e9tablissement faites appel \u00e0 STUDIO LO DESIGN designer d'espace, agencement & fournisseur de mobilier pour les professionnels du CHR sur Marseille & Angers.\",\"breadcrumb\":{\"@id\":\"https:\\\/\\\/studio-lo-design.com\\\/?page_id=9449#breadcrumb\"},\"inLanguage\":\"fr-FR\",\"potentialAction\":[{\"@type\":\"ReadAction\",\"target\":[\"https:\\\/\\\/studio-lo-design.com\\\/?page_id=9449\"]}]},{\"@type\":\"ImageObject\",\"inLanguage\":\"fr-FR\",\"@id\":\"https:\\\/\\\/studio-lo-design.com\\\/?page_id=9449#primaryimage\",\"url\":\"https:\\\/\\\/studio-lo-design.com\\\/wp-content\\\/uploads\\\/2024\\\/06\\\/IMG_0516.jpg\",\"contentUrl\":\"https:\\\/\\\/studio-lo-design.com\\\/wp-content\\\/uploads\\\/2024\\\/06\\\/IMG_0516.jpg\",\"width\":740,\"height\":415,\"caption\":\"agencement mobilier CHR Montpellier\"},{\"@type\":\"BreadcrumbList\",\"@id\":\"https:\\\/\\\/studio-lo-design.com\\\/?page_id=9449#breadcrumb\",\"itemListElement\":[{\"@type\":\"ListItem\",\"position\":1,\"name\":\"Accueil\",\"item\":\"https:\\\/\\\/studio-lo-design.com\\\/\"},{\"@type\":\"ListItem\",\"position\":2,\"name\":\"CHR\"}]},{\"@type\":\"WebSite\",\"@id\":\"https:\\\/\\\/studio-lo-design.com\\\/#website\",\"url\":\"https:\\\/\\\/studio-lo-design.com\\\/\",\"name\":\"STUDIO LO DESIGN Architecte d&#039;int\u00e9rieur sur Angers, Le Mans &amp; Marseille\",\"description\":\"STUDIO LO DESIGN est une agence d&#039;architecture \u00e9co-sensible sur Angers, Le Mans &amp; Marseille\",\"publisher\":{\"@id\":\"https:\\\/\\\/studio-lo-design.com\\\/#organization\"},\"potentialAction\":[{\"@type\":\"SearchAction\",\"target\":{\"@type\":\"EntryPoint\",\"urlTemplate\":\"https:\\\/\\\/studio-lo-design.com\\\/?s={search_term_string}\"},\"query-input\":{\"@type\":\"PropertyValueSpecification\",\"valueRequired\":true,\"valueName\":\"search_term_string\"}}],\"inLanguage\":\"fr-FR\"},{\"@type\":\"Organization\",\"@id\":\"https:\\\/\\\/studio-lo-design.com\\\/#organization\",\"name\":\"STUDIO LO DESIGN Architecte d&#039;int\u00e9rieur sur Angers, Le Mans &amp; Marseille\",\"url\":\"https:\\\/\\\/studio-lo-design.com\\\/\",\"logo\":{\"@type\":\"ImageObject\",\"inLanguage\":\"fr-FR\",\"@id\":\"https:\\\/\\\/studio-lo-design.com\\\/#\\\/schema\\\/logo\\\/image\\\/\",\"url\":\"https:\\\/\\\/studio-lo-design.com\\\/wp-content\\\/uploads\\\/2023\\\/06\\\/Original-Logo-Copie-1.png\",\"contentUrl\":\"https:\\\/\\\/studio-lo-design.com\\\/wp-content\\\/uploads\\\/2023\\\/06\\\/Original-Logo-Copie-1.png\",\"width\":800,\"height\":782,\"caption\":\"STUDIO LO DESIGN Architecte d&#039;int\u00e9rieur sur Angers, Le Mans &amp; Marseille\"},\"image\":{\"@id\":\"https:\\\/\\\/studio-lo-design.com\\\/#\\\/schema\\\/logo\\\/image\\\/\"},\"sameAs\":[\"https:\\\/\\\/www.facebook.com\\\/profile.php?id=100088068041508\",\"https:\\\/\\\/www.linkedin.com\\\/company\\\/91487379\\\/admin\\\/feed\\\/posts\\\/\",\"https:\\\/\\\/www.instagram.com\\\/studio.lo.design\\\/\"]}]}<\/script>\n<!-- \/ Yoast SEO plugin. -->","yoast_head_json":{"title":"STUDIO LO DESIGN agencement & mobilier CHR sur Marseille","description":"Pour \u00e9quiper votre \u00e9tablissement faites appel \u00e0 STUDIO LO DESIGN designer d'espace, agencement & fournisseur de mobilier pour les professionnels du CHR sur Marseille & Angers.","robots":{"index":"index","follow":"follow","max-snippet":"max-snippet:-1","max-image-preview":"max-image-preview:large","max-video-preview":"max-video-preview:-1"},"canonical":"https:\/\/studio-lo-design.com\/?page_id=9449","og_locale":"fr_FR","og_type":"article","og_title":"STUDIO LO DESIGN agencement & mobilier CHR sur Marseille","og_description":"Pour \u00e9quiper votre \u00e9tablissement faites appel \u00e0 STUDIO LO DESIGN designer d'espace, agencement & fournisseur de mobilier pour les professionnels du CHR sur Marseille & Angers.","og_url":"https:\/\/studio-lo-design.com\/?page_id=9449","og_site_name":"STUDIO LO DESIGN Architecte d&#039;int\u00e9rieur sur Angers, Le Mans &amp; Marseille","article_publisher":"https:\/\/www.facebook.com\/profile.php?id=100088068041508","article_modified_time":"2026-03-08T16:02:15+00:00","og_image":[{"width":740,"height":415,"url":"https:\/\/studio-lo-design.com\/wp-content\/uploads\/2024\/06\/IMG_0516.jpg","type":"image\/jpeg"}],"twitter_card":"summary_large_image","twitter_misc":{"Dur\u00e9e de lecture estim\u00e9e":"3 minutes"},"schema":{"@context":"https:\/\/schema.org","@graph":[{"@type":"WebPage","@id":"https:\/\/studio-lo-design.com\/?page_id=9449","url":"https:\/\/studio-lo-design.com\/?page_id=9449","name":"STUDIO LO DESIGN agencement & mobilier CHR sur Marseille","isPartOf":{"@id":"https:\/\/studio-lo-design.com\/#website"},"primaryImageOfPage":{"@id":"https:\/\/studio-lo-design.com\/?page_id=9449#primaryimage"},"image":{"@id":"https:\/\/studio-lo-design.com\/?page_id=9449#primaryimage"},"thumbnailUrl":"https:\/\/studio-lo-design.com\/wp-content\/uploads\/2024\/06\/IMG_0516.jpg","datePublished":"2025-02-18T17:23:17+00:00","dateModified":"2026-03-08T16:02:15+00:00","description":"Pour \u00e9quiper votre \u00e9tablissement faites appel \u00e0 STUDIO LO DESIGN designer d'espace, agencement & fournisseur de mobilier pour les professionnels du CHR sur Marseille & Angers.","breadcrumb":{"@id":"https:\/\/studio-lo-design.com\/?page_id=9449#breadcrumb"},"inLanguage":"fr-FR","potentialAction":[{"@type":"ReadAction","target":["https:\/\/studio-lo-design.com\/?page_id=9449"]}]},{"@type":"ImageObject","inLanguage":"fr-FR","@id":"https:\/\/studio-lo-design.com\/?page_id=9449#primaryimage","url":"https:\/\/studio-lo-design.com\/wp-content\/uploads\/2024\/06\/IMG_0516.jpg","contentUrl":"https:\/\/studio-lo-design.com\/wp-content\/uploads\/2024\/06\/IMG_0516.jpg","width":740,"height":415,"caption":"agencement mobilier CHR Montpellier"},{"@type":"BreadcrumbList","@id":"https:\/\/studio-lo-design.com\/?page_id=9449#breadcrumb","itemListElement":[{"@type":"ListItem","position":1,"name":"Accueil","item":"https:\/\/studio-lo-design.com\/"},{"@type":"ListItem","position":2,"name":"CHR"}]},{"@type":"WebSite","@id":"https:\/\/studio-lo-design.com\/#website","url":"https:\/\/studio-lo-design.com\/","name":"STUDIO LO DESIGN Architecte d&#039;int\u00e9rieur sur Angers, Le Mans &amp; Marseille","description":"STUDIO LO DESIGN est une agence d&#039;architecture \u00e9co-sensible sur Angers, Le Mans &amp; Marseille","publisher":{"@id":"https:\/\/studio-lo-design.com\/#organization"},"potentialAction":[{"@type":"SearchAction","target":{"@type":"EntryPoint","urlTemplate":"https:\/\/studio-lo-design.com\/?s={search_term_string}"},"query-input":{"@type":"PropertyValueSpecification","valueRequired":true,"valueName":"search_term_string"}}],"inLanguage":"fr-FR"},{"@type":"Organization","@id":"https:\/\/studio-lo-design.com\/#organization","name":"STUDIO LO DESIGN Architecte d&#039;int\u00e9rieur sur Angers, Le Mans &amp; Marseille","url":"https:\/\/studio-lo-design.com\/","logo":{"@type":"ImageObject","inLanguage":"fr-FR","@id":"https:\/\/studio-lo-design.com\/#\/schema\/logo\/image\/","url":"https:\/\/studio-lo-design.com\/wp-content\/uploads\/2023\/06\/Original-Logo-Copie-1.png","contentUrl":"https:\/\/studio-lo-design.com\/wp-content\/uploads\/2023\/06\/Original-Logo-Copie-1.png","width":800,"height":782,"caption":"STUDIO LO DESIGN Architecte d&#039;int\u00e9rieur sur Angers, Le Mans &amp; Marseille"},"image":{"@id":"https:\/\/studio-lo-design.com\/#\/schema\/logo\/image\/"},"sameAs":["https:\/\/www.facebook.com\/profile.php?id=100088068041508","https:\/\/www.linkedin.com\/company\/91487379\/admin\/feed\/posts\/","https:\/\/www.instagram.com\/studio.lo.design\/"]}]}},"jetpack_sharing_enabled":true,"_links":{"self":[{"href":"https:\/\/studio-lo-design.com\/index.php?rest_route=\/wp\/v2\/pages\/9449","targetHints":{"allow":["GET"]}}],"collection":[{"href":"https:\/\/studio-lo-design.com\/index.php?rest_route=\/wp\/v2\/pages"}],"about":[{"href":"https:\/\/studio-lo-design.com\/index.php?rest_route=\/wp\/v2\/types\/page"}],"author":[{"embeddable":true,"href":"https:\/\/studio-lo-design.com\/index.php?rest_route=\/wp\/v2\/users\/1"}],"replies":[{"embeddable":true,"href":"https:\/\/studio-lo-design.com\/index.php?rest_route=%2Fwp%2Fv2%2Fcomments&post=9449"}],"version-history":[{"count":59,"href":"https:\/\/studio-lo-design.com\/index.php?rest_route=\/wp\/v2\/pages\/9449\/revisions"}],"predecessor-version":[{"id":10225,"href":"https:\/\/studio-lo-design.com\/index.php?rest_route=\/wp\/v2\/pages\/9449\/revisions\/10225"}],"wp:featuredmedia":[{"embeddable":true,"href":"https:\/\/studio-lo-design.com\/index.php?rest_route=\/wp\/v2\/media\/9249"}],"wp:attachment":[{"href":"https:\/\/studio-lo-design.com\/index.php?rest_route=%2Fwp%2Fv2%2Fmedia&parent=9449"}],"curies":[{"name":"wp","href":"https:\/\/api.w.org\/{rel}","templated":true}]}}