{"id":9448,"date":"2025-02-18T18:23:17","date_gmt":"2025-02-18T17:23:17","guid":{"rendered":"https:\/\/studio-lo-design.com\/?page_id=9448"},"modified":"2026-03-08T17:21:55","modified_gmt":"2026-03-08T16:21:55","slug":"architecte-dinterieur-angers","status":"publish","type":"page","link":"https:\/\/studio-lo-design.com\/?page_id=9448","title":{"rendered":"RESIDENTIEL"},"content":{"rendered":"<p>[vc_row row_type=\u00a0\u00bbparallax\u00a0\u00bb full_screen_section_height=\u00a0\u00bbno\u00a0\u00bb css=\u00a0\u00bb.vc_custom_1772974095165{background-position: center !important;background-repeat: no-repeat !important;background-size: cover !important;}\u00a0\u00bb parallax_background_image=\u00a0\u00bb10095&Prime;][vc_column][vc_empty_space height=\u00a0\u00bb100&Prime;][\/vc_column][\/vc_row][vc_row row_content_width=\u00a0\u00bbgrid\u00a0\u00bb][vc_column width=\u00a0\u00bb1\/2&Prime;][vc_empty_space][vc_empty_space][vc_empty_space][vc_empty_space][vc_column_text]<!-- Google Tag Manager --><br \/>\n<script>(function(w,d,s,l,i){w[l]=w[l]||[];w[l].push({'gtm.start':\nnew Date().getTime(),event:'gtm.js'});var f=d.getElementsByTagName(s)[0],\nj=d.createElement(s),dl=l!='dataLayer'?'&l='+l:'';j.async=true;j.src=\n'https:\/\/www.googletagmanager.com\/gtm.js?id='+i+dl;f.parentNode.insertBefore(j,f);\n})(window,document,'script','dataLayer','GTM-KFV7WDQS');<\/script><br \/>\n<!-- End Google Tag Manager --><\/p>\n<h2 style=\"text-align: center;\"><span style=\"color: #ffe651;\">PARTICULIERS<\/span><\/h2>\n<p>[\/vc_column_text][vc_empty_space][vc_empty_space][vc_empty_space][vc_column_text]<\/p>\n<div class=\"eltdf-iwt clearfix eltdf-iwt-icon-top eltdf-iwt-icon-medium\">\n<h4 class=\"eltdf-iwt-content\" style=\"text-align: left;\">Vous vous lancez dans un projet de r\u00e9habilitation compl\u00e8te, l&rsquo;extension de votre habitat ou la red\u00e9finition de vos espaces ?<\/h4>\n<h4 class=\"eltdf-iwt-content\" style=\"text-align: left;\"><strong>STUDIO LO DESIGN<\/strong> met son expertise d&rsquo;architecte d&rsquo;int\u00e9rieur \u00e9co-sensible \u00e0 votre service afin de vous aider \u00e0 r\u00e9aliser votre projet.<\/h4>\n<h4 style=\"text-align: left;\">Grace \u00e0 notre approche \u00e9co-sensible nous vous guiderons vers des solutions \u00e9nerg\u00e9tiquement efficaces, optimisant ainsi le confort &amp; la valeur de votre maison tout en faisant baisser vos factures !<\/h4>\n<h4 class=\"eltdf-iwt-content\" style=\"text-align: left;\">Nos comp\u00e9tences nous permettent de repenser les pi\u00e8ces de vie int\u00e9rieures mais \u00e9galement les am\u00e9nagements paysagers de votre habitat afin que vous puissiez profiter pleinement de vos espaces !<\/h4>\n<\/div>\n<p>[\/vc_column_text][\/vc_column][vc_column width=\u00a0\u00bb1\/2&Prime;][vc_empty_space][vc_empty_space][vc_empty_space][vc_empty_space]<div class=\"eltdf-iwt clearfix eltdf-iwt-icon-top eltdf-iwt-icon-medium\">\n    <div class=\"eltdf-iwt-icon\">\n                                    <img loading=\"lazy\" decoding=\"async\" width=\"834\" height=\"555\" src=\"https:\/\/studio-lo-design.com\/wp-content\/uploads\/2025\/02\/dressing-de-reve-blackwhite.jpg\" class=\"attachment-full size-full\" alt=\"\" srcset=\"https:\/\/studio-lo-design.com\/wp-content\/uploads\/2025\/02\/dressing-de-reve-blackwhite.jpg 834w, https:\/\/studio-lo-design.com\/wp-content\/uploads\/2025\/02\/dressing-de-reve-blackwhite-300x200.jpg 300w, https:\/\/studio-lo-design.com\/wp-content\/uploads\/2025\/02\/dressing-de-reve-blackwhite-768x511.jpg 768w\" sizes=\"auto, (max-width: 834px) 100vw, 834px\" \/>                        <\/div>\n    <div class=\"eltdf-iwt-content\" >\n\t    \t\t    <\/div>\n<\/div>[vc_empty_space][vc_empty_space]<div class=\"eltdf-iwt clearfix eltdf-iwt-icon-top eltdf-iwt-icon-medium\">\n    <div class=\"eltdf-iwt-icon\">\n                                    <img loading=\"lazy\" decoding=\"async\" width=\"1920\" height=\"1300\" src=\"https:\/\/studio-lo-design.com\/wp-content\/uploads\/2025\/02\/canape-STUDIO-LO-blackwhite.jpg\" class=\"attachment-full size-full\" alt=\"\" srcset=\"https:\/\/studio-lo-design.com\/wp-content\/uploads\/2025\/02\/canape-STUDIO-LO-blackwhite.jpg 1920w, https:\/\/studio-lo-design.com\/wp-content\/uploads\/2025\/02\/canape-STUDIO-LO-blackwhite-300x203.jpg 300w, https:\/\/studio-lo-design.com\/wp-content\/uploads\/2025\/02\/canape-STUDIO-LO-blackwhite-1024x693.jpg 1024w, https:\/\/studio-lo-design.com\/wp-content\/uploads\/2025\/02\/canape-STUDIO-LO-blackwhite-768x520.jpg 768w, https:\/\/studio-lo-design.com\/wp-content\/uploads\/2025\/02\/canape-STUDIO-LO-blackwhite-1536x1040.jpg 1536w\" sizes=\"auto, (max-width: 1920px) 100vw, 1920px\" \/>                        <\/div>\n    <div class=\"eltdf-iwt-content\" >\n\t    \t\t    <\/div>\n<\/div>[\/vc_column][\/vc_row][vc_row row_content_width=\u00a0\u00bbgrid\u00a0\u00bb][vc_column width=\u00a0\u00bb1\/2&Prime;][vc_empty_space][vc_empty_space][vc_empty_space][vc_empty_space][vc_empty_space][vc_empty_space][vc_empty_space][vc_empty_space][vc_empty_space][vc_empty_space][vc_empty_space][vc_empty_space][vc_empty_space][vc_empty_space][vc_empty_space][vc_empty_space][vc_empty_space][vc_empty_space][vc_empty_space]<div class=\"eltdf-iwt clearfix eltdf-iwt-icon-top eltdf-iwt-icon-medium\">\n    <div class=\"eltdf-iwt-icon\">\n                                    <img loading=\"lazy\" decoding=\"async\" width=\"1927\" height=\"1080\" src=\"https:\/\/studio-lo-design.com\/wp-content\/uploads\/2025\/02\/CUISINE-STUDIO-LO-scaled-blackwhite.jpg\" class=\"attachment-full size-full\" alt=\"architecte d&#039;int\u00e9rieur sur Angers\" srcset=\"https:\/\/studio-lo-design.com\/wp-content\/uploads\/2025\/02\/CUISINE-STUDIO-LO-scaled-blackwhite.jpg 1927w, https:\/\/studio-lo-design.com\/wp-content\/uploads\/2025\/02\/CUISINE-STUDIO-LO-scaled-blackwhite-300x168.jpg 300w, https:\/\/studio-lo-design.com\/wp-content\/uploads\/2025\/02\/CUISINE-STUDIO-LO-scaled-blackwhite-1024x574.jpg 1024w, https:\/\/studio-lo-design.com\/wp-content\/uploads\/2025\/02\/CUISINE-STUDIO-LO-scaled-blackwhite-768x431.jpg 768w, https:\/\/studio-lo-design.com\/wp-content\/uploads\/2025\/02\/CUISINE-STUDIO-LO-scaled-blackwhite-1536x861.jpg 1536w\" sizes=\"auto, (max-width: 1927px) 100vw, 1927px\" \/>                        <\/div>\n    <div class=\"eltdf-iwt-content\" >\n\t    \t\t    <\/div>\n<\/div>[vc_empty_space][vc_empty_space]<div class=\"eltdf-iwt clearfix eltdf-iwt-icon-top eltdf-iwt-icon-medium\">\n    <div class=\"eltdf-iwt-icon\">\n                                    <img loading=\"lazy\" decoding=\"async\" width=\"1024\" height=\"1024\" src=\"https:\/\/studio-lo-design.com\/wp-content\/uploads\/2025\/02\/jardin-paysager-amenagement-paysager-autour-d-une-piscine-blackwhite.jpg\" class=\"attachment-full size-full\" alt=\"\" srcset=\"https:\/\/studio-lo-design.com\/wp-content\/uploads\/2025\/02\/jardin-paysager-amenagement-paysager-autour-d-une-piscine-blackwhite.jpg 1024w, https:\/\/studio-lo-design.com\/wp-content\/uploads\/2025\/02\/jardin-paysager-amenagement-paysager-autour-d-une-piscine-blackwhite-300x300.jpg 300w, https:\/\/studio-lo-design.com\/wp-content\/uploads\/2025\/02\/jardin-paysager-amenagement-paysager-autour-d-une-piscine-blackwhite-150x150.jpg 150w, https:\/\/studio-lo-design.com\/wp-content\/uploads\/2025\/02\/jardin-paysager-amenagement-paysager-autour-d-une-piscine-blackwhite-768x768.jpg 768w, https:\/\/studio-lo-design.com\/wp-content\/uploads\/2025\/02\/jardin-paysager-amenagement-paysager-autour-d-une-piscine-blackwhite-550x550.jpg 550w\" sizes=\"auto, (max-width: 1024px) 100vw, 1024px\" \/>                        <\/div>\n    <div class=\"eltdf-iwt-content\" >\n\t    \t\t    <\/div>\n<\/div>[\/vc_column][vc_column width=\u00a0\u00bb1\/2&Prime;][vc_empty_space][vc_empty_space][vc_empty_space][vc_empty_space][vc_empty_space][vc_empty_space][vc_empty_space][vc_column_text]<\/p>\n<h2 style=\"text-align: center;\"><span style=\"color: #ffe651;\">STUDIO LO DESIGN votre <\/span><\/h2>\n<h1 style=\"text-align: center;\"><span style=\"color: #ffe651;\">architecte d&rsquo;int\u00e9rieur pour les particuliers <\/span><\/h1>\n<h2 style=\"text-align: center;\"><span style=\"color: #ffe651;\">sur Angers, La Fl\u00e8che &amp; Montpellier<\/span><\/h2>\n<p>[\/vc_column_text][vc_empty_space][vc_empty_space][vc_empty_space][vc_empty_space][vc_empty_space][vc_column_text]<\/p>\n<h4>Notre approche globale &amp; immersive du m\u00e9tier d&rsquo;architecte d&rsquo;int\u00e9rieur nous permet de concevoir des espaces parfaitement adapt\u00e9s \u00e0 votre fa\u00e7on de vivre &amp; \u00e0 celle de votre famille pour rendre votre r\u00e9sidence ergonomique &amp; fonctionnelle.<\/h4>\n<p>[\/vc_column_text][vc_empty_space][vc_column_text]<\/p>\n<h4>Tout commence par une rencontre humaine, vous me parlez de vos envies, j&rsquo;identifie vos besoins &amp; vos contraintes, afin de vous proposer un univers en accord avec vous !<\/h4>\n<p>[\/vc_column_text][vc_empty_space][vc_column_text]<\/p>\n<h4>Sp\u00e9cialis\u00e9 dans le design d&rsquo;espace &amp; la conception de mobilier, notre expertise vous offre un accompagnement de A \u00e0 Z :<\/h4>\n<h4>&#8211; la d\u00e9finition compl\u00e8te de votre projet : en cr\u00e9ation ou r\u00e9novation de l&rsquo;existant, la conception d&rsquo;espaces adapt\u00e9s \u00e0 vos besoins &amp; \u00e0 vos envies<\/h4>\n<h4>&#8211; l&rsquo;installation compl\u00e8te en ad\u00e9quation avec votre projet : fourniture de mobilier sur-mesure, sp\u00e9cifique ou standard selon vos besoins<\/h4>\n<h4>&#8211; la cr\u00e9ation d&rsquo;espaces ext\u00e9rieurs : terrasse, piscine, am\u00e9nagements paysagers adapt\u00e9s au climat local<\/h4>\n<h4>&#8211; le dessin de plans, la gestion des d\u00e9marches administratives<\/h4>\n<h4>&#8211; le choix des artisans les plus qualifi\u00e9s pour travailler sur votre projet &amp; la ma\u00eetrise d&rsquo;oeuvre afin de veiller \u00e0 la bonne r\u00e9alisation de l&rsquo;ensemble<\/h4>\n<p><!-- Google Tag Manager (noscript) --><br \/>\n<noscript><iframe loading=\"lazy\" src=\"https:\/\/www.googletagmanager.com\/ns.html?id=GTM-KFV7WDQS\" height=\"0\" width=\"0\" style=\"display:none;visibility:hidden\"><\/iframe><\/noscript><br \/>\n<!-- End Google Tag Manager (noscript) -->[\/vc_column_text][vc_empty_space][vc_empty_space][vc_empty_space][\/vc_column][\/vc_row][vc_row row_type=\u00a0\u00bbparallax\u00a0\u00bb full_screen_section_height=\u00a0\u00bbno\u00a0\u00bb css=\u00a0\u00bb.vc_custom_1772974095165{background-position: center !important;background-repeat: no-repeat !important;background-size: cover !important;}\u00a0\u00bb parallax_background_image=\u00a0\u00bb10095&Prime;][vc_column][vc_empty_space height=\u00a0\u00bb100&Prime;][\/vc_column][\/vc_row][vc_row row_type=\u00a0\u00bbparallax\u00a0\u00bb full_screen_section_height=\u00a0\u00bbno\u00a0\u00bb][vc_column][\/vc_column][\/vc_row][vc_row][vc_column][vc_raw_html]JTNDYXVkaW8lMjBpZCUzRCUyMnJlc2lkZW50aWVsLXNvdW5kJTIyJTIwYXV0b3BsYXklMjBsb29wJTNFJTBBJTIwJTIwJTNDc291cmNlJTIwc3JjJTNEJTIyaHR0cHMlM0ElMkYlMkZzdHVkaW8tbG8tZGVzaWduLmNvbSUyRndwLWNvbnRlbnQlMkZ1cGxvYWRzJTJGMjAyNiUyRjAzJTJGRVNfVm9pY2VzLUxhdWdoLVR3by1LaWRzLUVwaWRlbWljLVNvdW5kLm1wMyUyMiUyMHR5cGUlM0QlMjJhdWRpbyUyRm1wZWclMjIlM0UlMEElMjAlMjBWb3RyZSUyMG5hdmlnYXRldXIlMjBuZSUyMHN1cHBvcnRlJTIwcGFzJTIwbCVFMiU4MCU5OWF1ZGlvLiUwQSUzQyUyRmF1ZGlvJTNF[\/vc_raw_html][\/vc_column][\/vc_row]<\/p>\n","protected":false},"excerpt":{"rendered":"<p>[vc_row row_type=\u00a0\u00bbparallax\u00a0\u00bb full_screen_section_height=\u00a0\u00bbno\u00a0\u00bb css=\u00a0\u00bb.vc_custom_1772974095165{background-position: center !important;background-repeat: no-repeat !important;background-size: cover !important;}\u00a0\u00bb parallax_background_image=\u00a0\u00bb10095&Prime;][vc_column][vc_empty_space height=\u00a0\u00bb100&Prime;][\/vc_column][\/vc_row][vc_row row_content_width=\u00a0\u00bbgrid\u00a0\u00bb][vc_column width=\u00a0\u00bb1\/2&Prime;][vc_empty_space][vc_empty_space][vc_empty_space][vc_empty_space][vc_column_text] PARTICULIERS [\/vc_column_text][vc_empty_space][vc_empty_space][vc_empty_space][vc_column_text] Vous vous lancez dans un projet de r\u00e9habilitation compl\u00e8te, l&rsquo;extension de votre habitat ou la red\u00e9finition de vos espaces ? STUDIO LO DESIGN met son expertise d&rsquo;architecte d&rsquo;int\u00e9rieur \u00e9co-sensible [&hellip;]<\/p>\n","protected":false},"author":1,"featured_media":9606,"parent":0,"menu_order":0,"comment_status":"closed","ping_status":"closed","template":"full-width.php","meta":{"footnotes":""},"class_list":["post-9448","page","type-page","status-publish","has-post-thumbnail","hentry"],"yoast_head":"<!-- This site is optimized with the Yoast SEO plugin v27.4 - https:\/\/yoast.com\/product\/yoast-seo-wordpress\/ -->\n<title>STUDIO LO DESIGN architecte d&#039;int\u00e9rieur sur Angers<\/title>\n<meta name=\"description\" content=\"Envie de tout changer dans la maison ? STUDIO LO DESIGN est l&#039;architecte d&#039;int\u00e9rieur qu&#039;il vous faut ! Sur Angers, Le Mans &amp; Marseille, faites appel \u00e0 notre expertise pour votre projet.\" \/>\n<meta name=\"robots\" content=\"index, follow, max-snippet:-1, max-image-preview:large, max-video-preview:-1\" \/>\n<link rel=\"canonical\" href=\"https:\/\/studio-lo-design.com\/?page_id=9448\" \/>\n<meta property=\"og:locale\" content=\"fr_FR\" \/>\n<meta property=\"og:type\" content=\"article\" \/>\n<meta property=\"og:title\" content=\"STUDIO LO DESIGN architecte d&#039;int\u00e9rieur sur Angers\" \/>\n<meta property=\"og:description\" content=\"Envie de tout changer dans la maison ? STUDIO LO DESIGN est l&#039;architecte d&#039;int\u00e9rieur qu&#039;il vous faut ! Sur Angers, Le Mans &amp; Marseille, faites appel \u00e0 notre expertise pour votre projet.\" \/>\n<meta property=\"og:url\" content=\"https:\/\/studio-lo-design.com\/?page_id=9448\" \/>\n<meta property=\"og:site_name\" content=\"STUDIO LO DESIGN Architecte d&#039;int\u00e9rieur sur Angers, Le Mans &amp; Marseille\" \/>\n<meta property=\"article:publisher\" content=\"https:\/\/www.facebook.com\/profile.php?id=100088068041508\" \/>\n<meta property=\"article:modified_time\" content=\"2026-03-08T16:21:55+00:00\" \/>\n<meta property=\"og:image\" content=\"https:\/\/studio-lo-design.com\/wp-content\/uploads\/2025\/02\/24BB70C2-1A34-4D6A-87A5-C0529F2751F5_1_201_a-blackwhite.jpeg\" \/>\n\t<meta property=\"og:image:width\" content=\"600\" \/>\n\t<meta property=\"og:image:height\" content=\"600\" \/>\n\t<meta property=\"og:image:type\" content=\"image\/jpeg\" \/>\n<meta name=\"twitter:card\" content=\"summary_large_image\" \/>\n<meta name=\"twitter:label1\" content=\"Dur\u00e9e de lecture estim\u00e9e\" \/>\n\t<meta name=\"twitter:data1\" content=\"4 minutes\" \/>\n<script type=\"application\/ld+json\" class=\"yoast-schema-graph\">{\"@context\":\"https:\\\/\\\/schema.org\",\"@graph\":[{\"@type\":\"WebPage\",\"@id\":\"https:\\\/\\\/studio-lo-design.com\\\/?page_id=9448\",\"url\":\"https:\\\/\\\/studio-lo-design.com\\\/?page_id=9448\",\"name\":\"STUDIO LO DESIGN architecte d'int\u00e9rieur sur Angers\",\"isPartOf\":{\"@id\":\"https:\\\/\\\/studio-lo-design.com\\\/#website\"},\"primaryImageOfPage\":{\"@id\":\"https:\\\/\\\/studio-lo-design.com\\\/?page_id=9448#primaryimage\"},\"image\":{\"@id\":\"https:\\\/\\\/studio-lo-design.com\\\/?page_id=9448#primaryimage\"},\"thumbnailUrl\":\"https:\\\/\\\/studio-lo-design.com\\\/wp-content\\\/uploads\\\/2025\\\/02\\\/24BB70C2-1A34-4D6A-87A5-C0529F2751F5_1_201_a-blackwhite.jpeg\",\"datePublished\":\"2025-02-18T17:23:17+00:00\",\"dateModified\":\"2026-03-08T16:21:55+00:00\",\"description\":\"Envie de tout changer dans la maison ? STUDIO LO DESIGN est l'architecte d'int\u00e9rieur qu'il vous faut ! Sur Angers, Le Mans & Marseille, faites appel \u00e0 notre expertise pour votre projet.\",\"breadcrumb\":{\"@id\":\"https:\\\/\\\/studio-lo-design.com\\\/?page_id=9448#breadcrumb\"},\"inLanguage\":\"fr-FR\",\"potentialAction\":[{\"@type\":\"ReadAction\",\"target\":[\"https:\\\/\\\/studio-lo-design.com\\\/?page_id=9448\"]}]},{\"@type\":\"ImageObject\",\"inLanguage\":\"fr-FR\",\"@id\":\"https:\\\/\\\/studio-lo-design.com\\\/?page_id=9448#primaryimage\",\"url\":\"https:\\\/\\\/studio-lo-design.com\\\/wp-content\\\/uploads\\\/2025\\\/02\\\/24BB70C2-1A34-4D6A-87A5-C0529F2751F5_1_201_a-blackwhite.jpeg\",\"contentUrl\":\"https:\\\/\\\/studio-lo-design.com\\\/wp-content\\\/uploads\\\/2025\\\/02\\\/24BB70C2-1A34-4D6A-87A5-C0529F2751F5_1_201_a-blackwhite.jpeg\",\"width\":600,\"height\":600},{\"@type\":\"BreadcrumbList\",\"@id\":\"https:\\\/\\\/studio-lo-design.com\\\/?page_id=9448#breadcrumb\",\"itemListElement\":[{\"@type\":\"ListItem\",\"position\":1,\"name\":\"Accueil\",\"item\":\"https:\\\/\\\/studio-lo-design.com\\\/\"},{\"@type\":\"ListItem\",\"position\":2,\"name\":\"RESIDENTIEL\"}]},{\"@type\":\"WebSite\",\"@id\":\"https:\\\/\\\/studio-lo-design.com\\\/#website\",\"url\":\"https:\\\/\\\/studio-lo-design.com\\\/\",\"name\":\"STUDIO LO DESIGN Architecte d&#039;int\u00e9rieur sur Angers, Le Mans &amp; Marseille\",\"description\":\"STUDIO LO DESIGN est une agence d&#039;architecture \u00e9co-sensible sur Angers, Le Mans &amp; Marseille\",\"publisher\":{\"@id\":\"https:\\\/\\\/studio-lo-design.com\\\/#organization\"},\"potentialAction\":[{\"@type\":\"SearchAction\",\"target\":{\"@type\":\"EntryPoint\",\"urlTemplate\":\"https:\\\/\\\/studio-lo-design.com\\\/?s={search_term_string}\"},\"query-input\":{\"@type\":\"PropertyValueSpecification\",\"valueRequired\":true,\"valueName\":\"search_term_string\"}}],\"inLanguage\":\"fr-FR\"},{\"@type\":\"Organization\",\"@id\":\"https:\\\/\\\/studio-lo-design.com\\\/#organization\",\"name\":\"STUDIO LO DESIGN Architecte d&#039;int\u00e9rieur sur Angers, Le Mans &amp; Marseille\",\"url\":\"https:\\\/\\\/studio-lo-design.com\\\/\",\"logo\":{\"@type\":\"ImageObject\",\"inLanguage\":\"fr-FR\",\"@id\":\"https:\\\/\\\/studio-lo-design.com\\\/#\\\/schema\\\/logo\\\/image\\\/\",\"url\":\"https:\\\/\\\/studio-lo-design.com\\\/wp-content\\\/uploads\\\/2023\\\/06\\\/Original-Logo-Copie-1.png\",\"contentUrl\":\"https:\\\/\\\/studio-lo-design.com\\\/wp-content\\\/uploads\\\/2023\\\/06\\\/Original-Logo-Copie-1.png\",\"width\":800,\"height\":782,\"caption\":\"STUDIO LO DESIGN Architecte d&#039;int\u00e9rieur sur Angers, Le Mans &amp; Marseille\"},\"image\":{\"@id\":\"https:\\\/\\\/studio-lo-design.com\\\/#\\\/schema\\\/logo\\\/image\\\/\"},\"sameAs\":[\"https:\\\/\\\/www.facebook.com\\\/profile.php?id=100088068041508\",\"https:\\\/\\\/www.linkedin.com\\\/company\\\/91487379\\\/admin\\\/feed\\\/posts\\\/\",\"https:\\\/\\\/www.instagram.com\\\/studio.lo.design\\\/\"]}]}<\/script>\n<!-- \/ Yoast SEO plugin. -->","yoast_head_json":{"title":"STUDIO LO DESIGN architecte d'int\u00e9rieur sur Angers","description":"Envie de tout changer dans la maison ? STUDIO LO DESIGN est l'architecte d'int\u00e9rieur qu'il vous faut ! Sur Angers, Le Mans & Marseille, faites appel \u00e0 notre expertise pour votre projet.","robots":{"index":"index","follow":"follow","max-snippet":"max-snippet:-1","max-image-preview":"max-image-preview:large","max-video-preview":"max-video-preview:-1"},"canonical":"https:\/\/studio-lo-design.com\/?page_id=9448","og_locale":"fr_FR","og_type":"article","og_title":"STUDIO LO DESIGN architecte d'int\u00e9rieur sur Angers","og_description":"Envie de tout changer dans la maison ? STUDIO LO DESIGN est l'architecte d'int\u00e9rieur qu'il vous faut ! Sur Angers, Le Mans & Marseille, faites appel \u00e0 notre expertise pour votre projet.","og_url":"https:\/\/studio-lo-design.com\/?page_id=9448","og_site_name":"STUDIO LO DESIGN Architecte d&#039;int\u00e9rieur sur Angers, Le Mans &amp; Marseille","article_publisher":"https:\/\/www.facebook.com\/profile.php?id=100088068041508","article_modified_time":"2026-03-08T16:21:55+00:00","og_image":[{"width":600,"height":600,"url":"https:\/\/studio-lo-design.com\/wp-content\/uploads\/2025\/02\/24BB70C2-1A34-4D6A-87A5-C0529F2751F5_1_201_a-blackwhite.jpeg","type":"image\/jpeg"}],"twitter_card":"summary_large_image","twitter_misc":{"Dur\u00e9e de lecture estim\u00e9e":"4 minutes"},"schema":{"@context":"https:\/\/schema.org","@graph":[{"@type":"WebPage","@id":"https:\/\/studio-lo-design.com\/?page_id=9448","url":"https:\/\/studio-lo-design.com\/?page_id=9448","name":"STUDIO LO DESIGN architecte d'int\u00e9rieur sur Angers","isPartOf":{"@id":"https:\/\/studio-lo-design.com\/#website"},"primaryImageOfPage":{"@id":"https:\/\/studio-lo-design.com\/?page_id=9448#primaryimage"},"image":{"@id":"https:\/\/studio-lo-design.com\/?page_id=9448#primaryimage"},"thumbnailUrl":"https:\/\/studio-lo-design.com\/wp-content\/uploads\/2025\/02\/24BB70C2-1A34-4D6A-87A5-C0529F2751F5_1_201_a-blackwhite.jpeg","datePublished":"2025-02-18T17:23:17+00:00","dateModified":"2026-03-08T16:21:55+00:00","description":"Envie de tout changer dans la maison ? STUDIO LO DESIGN est l'architecte d'int\u00e9rieur qu'il vous faut ! Sur Angers, Le Mans & Marseille, faites appel \u00e0 notre expertise pour votre projet.","breadcrumb":{"@id":"https:\/\/studio-lo-design.com\/?page_id=9448#breadcrumb"},"inLanguage":"fr-FR","potentialAction":[{"@type":"ReadAction","target":["https:\/\/studio-lo-design.com\/?page_id=9448"]}]},{"@type":"ImageObject","inLanguage":"fr-FR","@id":"https:\/\/studio-lo-design.com\/?page_id=9448#primaryimage","url":"https:\/\/studio-lo-design.com\/wp-content\/uploads\/2025\/02\/24BB70C2-1A34-4D6A-87A5-C0529F2751F5_1_201_a-blackwhite.jpeg","contentUrl":"https:\/\/studio-lo-design.com\/wp-content\/uploads\/2025\/02\/24BB70C2-1A34-4D6A-87A5-C0529F2751F5_1_201_a-blackwhite.jpeg","width":600,"height":600},{"@type":"BreadcrumbList","@id":"https:\/\/studio-lo-design.com\/?page_id=9448#breadcrumb","itemListElement":[{"@type":"ListItem","position":1,"name":"Accueil","item":"https:\/\/studio-lo-design.com\/"},{"@type":"ListItem","position":2,"name":"RESIDENTIEL"}]},{"@type":"WebSite","@id":"https:\/\/studio-lo-design.com\/#website","url":"https:\/\/studio-lo-design.com\/","name":"STUDIO LO DESIGN Architecte d&#039;int\u00e9rieur sur Angers, Le Mans &amp; Marseille","description":"STUDIO LO DESIGN est une agence d&#039;architecture \u00e9co-sensible sur Angers, Le Mans &amp; Marseille","publisher":{"@id":"https:\/\/studio-lo-design.com\/#organization"},"potentialAction":[{"@type":"SearchAction","target":{"@type":"EntryPoint","urlTemplate":"https:\/\/studio-lo-design.com\/?s={search_term_string}"},"query-input":{"@type":"PropertyValueSpecification","valueRequired":true,"valueName":"search_term_string"}}],"inLanguage":"fr-FR"},{"@type":"Organization","@id":"https:\/\/studio-lo-design.com\/#organization","name":"STUDIO LO DESIGN Architecte d&#039;int\u00e9rieur sur Angers, Le Mans &amp; Marseille","url":"https:\/\/studio-lo-design.com\/","logo":{"@type":"ImageObject","inLanguage":"fr-FR","@id":"https:\/\/studio-lo-design.com\/#\/schema\/logo\/image\/","url":"https:\/\/studio-lo-design.com\/wp-content\/uploads\/2023\/06\/Original-Logo-Copie-1.png","contentUrl":"https:\/\/studio-lo-design.com\/wp-content\/uploads\/2023\/06\/Original-Logo-Copie-1.png","width":800,"height":782,"caption":"STUDIO LO DESIGN Architecte d&#039;int\u00e9rieur sur Angers, Le Mans &amp; Marseille"},"image":{"@id":"https:\/\/studio-lo-design.com\/#\/schema\/logo\/image\/"},"sameAs":["https:\/\/www.facebook.com\/profile.php?id=100088068041508","https:\/\/www.linkedin.com\/company\/91487379\/admin\/feed\/posts\/","https:\/\/www.instagram.com\/studio.lo.design\/"]}]}},"jetpack_sharing_enabled":true,"_links":{"self":[{"href":"https:\/\/studio-lo-design.com\/index.php?rest_route=\/wp\/v2\/pages\/9448","targetHints":{"allow":["GET"]}}],"collection":[{"href":"https:\/\/studio-lo-design.com\/index.php?rest_route=\/wp\/v2\/pages"}],"about":[{"href":"https:\/\/studio-lo-design.com\/index.php?rest_route=\/wp\/v2\/types\/page"}],"author":[{"embeddable":true,"href":"https:\/\/studio-lo-design.com\/index.php?rest_route=\/wp\/v2\/users\/1"}],"replies":[{"embeddable":true,"href":"https:\/\/studio-lo-design.com\/index.php?rest_route=%2Fwp%2Fv2%2Fcomments&post=9448"}],"version-history":[{"count":40,"href":"https:\/\/studio-lo-design.com\/index.php?rest_route=\/wp\/v2\/pages\/9448\/revisions"}],"predecessor-version":[{"id":10239,"href":"https:\/\/studio-lo-design.com\/index.php?rest_route=\/wp\/v2\/pages\/9448\/revisions\/10239"}],"wp:featuredmedia":[{"embeddable":true,"href":"https:\/\/studio-lo-design.com\/index.php?rest_route=\/wp\/v2\/media\/9606"}],"wp:attachment":[{"href":"https:\/\/studio-lo-design.com\/index.php?rest_route=%2Fwp%2Fv2%2Fmedia&parent=9448"}],"curies":[{"name":"wp","href":"https:\/\/api.w.org\/{rel}","templated":true}]}}